{"id":3209,"date":"2021-10-12T21:02:45","date_gmt":"2021-10-12T21:02:45","guid":{"rendered":"https:\/\/lindeberg.legal\/?page_id=3209"},"modified":"2023-10-05T07:29:57","modified_gmt":"2023-10-05T07:29:57","slug":"lindeberg","status":"publish","type":"page","link":"https:\/\/lindeberg.legal\/ru\/","title":{"rendered":"\u0413\u043b\u0430\u0432\u043d\u0430\u044f \u0441\u0442\u0440\u0430\u043d\u0438\u0446\u0430"},"content":{"rendered":"<p>[vc_row][vc_column width=&#187;1\/4&#8243;][\/vc_column][vc_column width=&#187;1\/2&#8243;][vc_custom_heading text=&#187;\u0410\u0434\u0432\u043e\u043a\u0430\u0442\u0441\u043a\u043e\u0435 \u0431\u044e\u0440\u043e LINDEBERG&#187; use_theme_fonts=&#187;yes&#187; el_class=&#187;m-t-lg m-b-none&#187;][vc_separator color=&#187;custom&#187; align=&#187;align_left&#187; border_width=&#187;3&#8243; type=&#187;small&#187; accent_color=&#187;#ec1c28&#8243;][vc_column_text el_class=&#187;m-t-lg&#187;]<\/p>\n<p style=\"text-align: center;\"><script async defer crossorigin=\"anonymous\" src=\"https:\/\/connect.facebook.net\/et_EE\/sdk.js#xfbml=1&#038;version=v18.0\" nonce=\"6vhRxhTv\"><\/script><\/p>\n<p style=\"text-align: justify;\">\u0410\u0434\u0432\u043e\u043a\u0430\u0442\u0441\u043a\u043e\u0435 \u0431\u044e\u0440\u043e LINDEBERG \u2014 \u043a\u043b\u0430\u0441\u0441\u0438\u0447\u0435\u0441\u043a\u043e\u0435 \u0430\u0434\u0432\u043e\u043a\u0430\u0442\u0441\u043a\u043e\u0435 \u0431\u044e\u0440\u043e, \u043a\u043e\u0442\u043e\u0440\u043e\u0435 \u043f\u0440\u0435\u0434\u043b\u0430\u0433\u0430\u0435\u0442 \u044e\u0440\u0438\u0434\u0438\u0447\u0435\u0441\u043a\u0438\u0435 \u0443\u0441\u043b\u0443\u0433\u0438 \u0432\u043e \u0432\u0441\u0435\u0445 \u043e\u0441\u043d\u043e\u0432\u043d\u044b\u0445 \u043e\u0442\u0440\u0430\u0441\u043b\u044f\u0445 \u043f\u0440\u0430\u0432\u0430. \u041d\u0430\u0448\u0438\u043c\u0438 \u043a\u043b\u0438\u0435\u043d\u0442\u0430\u043c\u0438 \u044f\u0432\u043b\u044f\u044e\u0442\u0441\u044f \u043a\u043e\u043c\u043c\u0435\u0440\u0447\u0435\u0441\u043a\u0438\u0435 \u0442\u043e\u0432\u0430\u0440\u0438\u0449\u0435\u0441\u0442\u0432\u0430, \u0447\u0430\u0441\u0442\u043d\u044b\u0435 \u043b\u0438\u0446\u0430, \u0430 \u0442\u0430\u043a\u0436\u0435 \u043f\u0443\u0431\u043b\u0438\u0447\u043d\u044b\u0439 \u0441\u0435\u043a\u0442\u043e\u0440. \u0410\u0434\u0432\u043e\u043a\u0430\u0442\u044b \u0430\u0434\u0432\u043e\u043a\u0430\u0442\u0441\u043a\u043e\u0433\u043e \u0431\u044e\u0440\u043e LINDEBERG \u0441\u043f\u0435\u0446\u0438\u0430\u043b\u0438\u0437\u0438\u0440\u0443\u044e\u0442\u0441\u044f \u0432 \u0440\u0430\u0437\u043b\u0438\u0447\u043d\u044b\u0445 \u0441\u0444\u0435\u0440\u0430\u0445, \u0447\u0442\u043e\u0431\u044b \u043f\u0440\u0435\u0434\u043b\u0430\u0433\u0430\u0442\u044c \u043a\u043b\u0438\u0435\u043d\u0442\u0430\u043c \u0443\u0441\u043b\u0443\u0433\u0438 \u0432\u044b\u0441\u043e\u0447\u0430\u0439\u0448\u0435\u0433\u043e \u043a\u0430\u0447\u0435\u0441\u0442\u0432\u0430.<\/p>\n<p style=\"text-align: justify;\">\u0410\u0434\u0432\u043e\u043a\u0430\u0442\u0441\u043a\u043e\u0435 \u0431\u044e\u0440\u043e LINDEBERG <strong>\u043e\u0444\u0438\u0446\u0438\u0430\u043b\u044c\u043d\u044b\u0439 \u043f\u0440\u0430\u0432\u043e\u0432\u043e\u0439<\/strong> <strong>\u043f\u0430\u0440\u0442\u043d\u0435\u0440 \u0441\u043e\u044e\u0437\u0430 \u0438\u043d\u0442\u0435\u0440\u043d\u0435\u0442-\u0442\u043e\u0440\u0433\u043e\u0432\u043b\u0438 \u042d\u0441\u0442\u043e\u043d\u0438\u0438<\/strong>. \u041f\u0440\u0438\u0441\u044f\u0436\u043d\u044b\u0439 \u0430\u0434\u0432\u043e\u043a\u0430\u0442 \u041a\u0435\u0439\u043e \u041b\u0438\u043d\u0434\u0435\u0431\u0435\u0440\u0433, \u043a\u0430\u043a \u043f\u0440\u0435\u0434\u0441\u0442\u0430\u0432\u0438\u0442\u0435\u043b\u044c \u0441\u043e\u044e\u0437\u0430 \u0438\u043d\u0442\u0435\u0440\u043d\u0435\u0442-\u0442\u043e\u0440\u0433\u043e\u0432\u043b\u0438 \u042d\u0441\u0442\u043e\u043d\u0438\u0438, \u044f\u0432\u043b\u044f\u0435\u0442\u0441\u044f \u0442\u0430\u043a\u0436\u0435 \u0447\u043b\u0435\u043d\u043e\u043c \u043a\u043e\u043c\u0438\u0442\u0435\u0442\u0430 \u043f\u043e \u043f\u043e\u0442\u0440\u0435\u0431\u0438\u0442\u0435\u043b\u044c\u0441\u043a\u0438\u043c \u0441\u043f\u043e\u0440\u0430\u043c. \u041a \u0442\u043e\u043c\u0443 \u0436\u0435 \u041a\u0435\u0439\u043e \u041b\u0438\u043d\u0434\u0435\u0431\u0435\u0440\u0433 <strong>\u0447\u043b\u0435\u043d \u043a\u043e\u043c\u0438\u0442\u0435\u0442\u0430 \u042d\u0441\u0442\u043e\u043d\u0441\u043a\u043e\u0439 \u0410\u0434\u0432\u043e\u043a\u0430\u0442\u0443\u0440\u044b \u043f\u043e \u043a\u043e\u043c\u043c\u0435\u0440\u0447\u0435\u0441\u043a\u043e\u043c\u0443 \u043f\u0440\u0430\u0432\u0443<\/strong> \u0438 \u043f\u0440\u0438\u0441\u044f\u0436\u043d\u044b\u0439 \u0430\u0434\u0432\u043e\u043a\u0430\u0442 \u0410\u043b\u044c\u0434\u043e \u0412\u0430\u0441\u0441\u0430\u0440 <strong>\u0447\u043b\u0435\u043d <\/strong><strong>\u043a\u043e\u043c\u0438\u0442\u0435\u0442\u0430 \u042d\u0441\u0442\u043e\u043d\u0441\u043a\u043e\u0439 \u0410\u0434\u0432\u043e\u043a\u0430\u0442\u0443\u0440\u044b \u043f\u043e \u0442\u0440\u0443\u0434\u043e\u0432\u043e\u043c\u0443 \u043f\u0440\u0430\u0432\u0443<\/strong>.<\/p>\n<p style=\"text-align: justify;\">\u0421\u043e\u0432\u0435\u0442\u044b \u043d\u0430\u0448\u0438\u0445 \u0430\u0434\u0432\u043e\u043a\u0430\u0442\u043e\u0432 \u043c\u043e\u0436\u043d\u043e \u043f\u043e\u0441\u043b\u0443\u0448\u0430\u0442\u044c \u0432 \u043f\u0435\u0440\u0435\u0434\u0430\u0447\u0435 \u00c4rip\u00e4eva Raadio <strong>&#171;LINDEBERGi \u00f5igusraadio\u201d<\/strong> (\u201c\u041f\u0440\u0430\u0432\u043e\u0432\u043e\u0435 \u0440\u0430\u0434\u0438\u043e LINDEBERG-a\u201d), \u0430 \u0442\u0430\u043a\u0436\u0435 \u0432 \u043f\u0435\u0440\u0435\u0434\u0430\u0447\u0435 <strong>&#171;<\/strong>Teabevara tund<strong>\u201d<\/strong> (&#171;\u0427\u0430\u0441 \u0438\u0444\u043e\u0440\u0435\u0441\u0443\u0440\u0441\u0430&#187;).<\/p>\n<table style=\"border-collapse: collapse; width: 100%;\">\n<tbody>\n<tr>\n<td style=\"width: 33%;\">\n<div class=\"fb-page\" data-href=\"https:\/\/www.facebook.com\/LindebergTallinn\" data-tabs=\"timeline\" data-width=\"\" data-height=\"300\" data-small-header=\"false\" data-adapt-container-width=\"true\" data-hide-cover=\"false\" data-show-facepile=\"false\">\n<blockquote class=\"fb-xfbml-parse-ignore\" cite=\"https:\/\/www.facebook.com\/LindebergTallinn\"><p><a href=\"https:\/\/www.facebook.com\/LindebergTallinn\">Advokaadib\u00fcroo Lindeberg Tallinn<\/a><\/p><\/blockquote>\n<\/div>\n<p>&nbsp;<\/td>\n<td style=\"width: 33%;\"><a href=\"https:\/\/lindeberg.legal\/en\/law-firm-lindeberg-recognitions\/\"><img fetchpriority=\"high\" decoding=\"async\" class=\"wp-image-2854 size-medium aligncenter\" src=\"https:\/\/lindeberg.legal\/lwp\/wp-content\/uploads\/2021\/06\/logo_vef_2020_Gold_EN-181x300.png\" alt=\"\" width=\"181\" height=\"300\" \/><\/a><\/p>\n<p>&nbsp;<\/td>\n<td style=\"width: 33%;\"><a href=\"https:\/\/lindeberg.legal\/en\/law-firm-lindeberg-recognitions\/\"><img decoding=\"async\" class=\"aligncenter wp-image-2851 size-medium\" src=\"https:\/\/lindeberg.legal\/lwp\/wp-content\/uploads\/2021\/06\/TOP_ettevote_margis_2020_eng-300x300.png\" alt=\"\" width=\"300\" height=\"300\" \/><\/a><\/td>\n<\/tr>\n<\/tbody>\n<\/table>\n<div id=\"fb-root\"><\/div>\n<div id=\"fb-root\" style=\"text-align: center;\"><\/div>\n<p>[\/vc_column_text][\/vc_column][vc_column width=&#187;1\/4&#8243;][\/vc_column][\/vc_row]<\/p>\n","protected":false},"excerpt":{"rendered":"<p>[vc_row][vc_column width=&#187;1\/4&#8243;][\/vc_column][vc_column width=&#187;1\/2&#8243;][vc_custom_heading text=&#187;\u0410\u0434\u0432\u043e\u043a\u0430\u0442\u0441\u043a\u043e\u0435 \u0431\u044e\u0440\u043e LINDEBERG&#187; use_theme_fonts=&#187;yes&#187; el_class=&#187;m-t-lg m-b-none&#187;][vc_separator color=&#187;custom&#187; align=&#187;align_left&#187; border_width=&#187;3&#8243; type=&#187;small&#187; accent_color=&#187;#ec1c28&#8243;][vc_column_text el_class=&#187;m-t-lg&#187;] \u0410\u0434\u0432\u043e\u043a\u0430\u0442\u0441\u043a\u043e\u0435 \u0431\u044e\u0440\u043e LINDEBERG \u2014 \u043a\u043b\u0430\u0441\u0441\u0438\u0447\u0435\u0441\u043a\u043e\u0435 \u0430\u0434\u0432\u043e\u043a\u0430\u0442\u0441\u043a\u043e\u0435 \u0431\u044e\u0440\u043e, \u043a\u043e\u0442\u043e\u0440\u043e\u0435 \u043f\u0440\u0435\u0434\u043b\u0430\u0433\u0430\u0435\u0442 \u044e\u0440\u0438\u0434\u0438\u0447\u0435\u0441\u043a\u0438\u0435 \u0443\u0441\u043b\u0443\u0433\u0438 \u0432\u043e \u0432\u0441\u0435\u0445 \u043e\u0441\u043d\u043e\u0432\u043d\u044b\u0445 \u043e\u0442\u0440\u0430\u0441\u043b\u044f\u0445 \u043f\u0440\u0430\u0432\u0430. \u041d\u0430\u0448\u0438\u043c\u0438 \u043a\u043b\u0438\u0435\u043d\u0442\u0430\u043c\u0438 \u044f\u0432\u043b\u044f\u044e\u0442\u0441\u044f \u043a\u043e\u043c\u043c\u0435\u0440\u0447\u0435\u0441\u043a\u0438\u0435 \u0442\u043e\u0432\u0430\u0440\u0438\u0449\u0435\u0441\u0442\u0432\u0430, \u0447\u0430\u0441\u0442\u043d\u044b\u0435 \u043b\u0438\u0446\u0430, \u0430 \u0442\u0430\u043a\u0436\u0435 \u043f\u0443\u0431\u043b\u0438\u0447\u043d\u044b\u0439 \u0441\u0435\u043a\u0442\u043e\u0440. \u0410\u0434\u0432\u043e\u043a\u0430\u0442\u044b \u0430\u0434\u0432\u043e\u043a\u0430\u0442\u0441\u043a\u043e\u0433\u043e \u0431\u044e\u0440\u043e LINDEBERG \u0441\u043f\u0435\u0446\u0438\u0430\u043b\u0438\u0437\u0438\u0440\u0443\u044e\u0442\u0441\u044f \u0432 \u0440\u0430\u0437\u043b\u0438\u0447\u043d\u044b\u0445 \u0441\u0444\u0435\u0440\u0430\u0445, \u0447\u0442\u043e\u0431\u044b \u043f\u0440\u0435\u0434\u043b\u0430\u0433\u0430\u0442\u044c \u043a\u043b\u0438\u0435\u043d\u0442\u0430\u043c \u0443\u0441\u043b\u0443\u0433\u0438 \u0432\u044b\u0441\u043e\u0447\u0430\u0439\u0448\u0435\u0433\u043e [&hellip;]<\/p>\n","protected":false},"author":2,"featured_media":0,"parent":0,"menu_order":0,"comment_status":"closed","ping_status":"closed","template":"","meta":{"footnotes":""},"class_list":["post-3209","page","type-page","status-publish","hentry"],"yoast_head":"<!-- This site is optimized with the Yoast SEO plugin v26.5 - https:\/\/yoast.com\/wordpress\/plugins\/seo\/ -->\n<title>\u0413\u043b\u0430\u0432\u043d\u0430\u044f \u0441\u0442\u0440\u0430\u043d\u0438\u0446\u0430 - Advokaadib\u00fcroo LINDEBERG<\/title>\n<meta name=\"robots\" content=\"index, follow, max-snippet:-1, max-image-preview:large, max-video-preview:-1\" \/>\n<link rel=\"canonical\" href=\"https:\/\/lindeberg.legal\/ru\/\" \/>\n<meta property=\"og:locale\" content=\"ru_RU\" \/>\n<meta property=\"og:type\" content=\"article\" \/>\n<meta property=\"og:title\" content=\"\u0413\u043b\u0430\u0432\u043d\u0430\u044f \u0441\u0442\u0440\u0430\u043d\u0438\u0446\u0430 - Advokaadib\u00fcroo LINDEBERG\" \/>\n<meta property=\"og:description\" content=\"[vc_row][vc_column width=&#187;1\/4&#8243;][\/vc_column][vc_column width=&#187;1\/2&#8243;][vc_custom_heading text=&#187;\u0410\u0434\u0432\u043e\u043a\u0430\u0442\u0441\u043a\u043e\u0435 \u0431\u044e\u0440\u043e LINDEBERG&#187; use_theme_fonts=&#187;yes&#187; el_class=&#187;m-t-lg m-b-none&#187;][vc_separator color=&#187;custom&#187; align=&#187;align_left&#187; border_width=&#187;3&#8243; type=&#187;small&#187; accent_color=&#187;#ec1c28&#8243;][vc_column_text el_class=&#187;m-t-lg&#187;] \u0410\u0434\u0432\u043e\u043a\u0430\u0442\u0441\u043a\u043e\u0435 \u0431\u044e\u0440\u043e LINDEBERG \u2014 \u043a\u043b\u0430\u0441\u0441\u0438\u0447\u0435\u0441\u043a\u043e\u0435 \u0430\u0434\u0432\u043e\u043a\u0430\u0442\u0441\u043a\u043e\u0435 \u0431\u044e\u0440\u043e, \u043a\u043e\u0442\u043e\u0440\u043e\u0435 \u043f\u0440\u0435\u0434\u043b\u0430\u0433\u0430\u0435\u0442 \u044e\u0440\u0438\u0434\u0438\u0447\u0435\u0441\u043a\u0438\u0435 \u0443\u0441\u043b\u0443\u0433\u0438 \u0432\u043e \u0432\u0441\u0435\u0445 \u043e\u0441\u043d\u043e\u0432\u043d\u044b\u0445 \u043e\u0442\u0440\u0430\u0441\u043b\u044f\u0445 \u043f\u0440\u0430\u0432\u0430. \u041d\u0430\u0448\u0438\u043c\u0438 \u043a\u043b\u0438\u0435\u043d\u0442\u0430\u043c\u0438 \u044f\u0432\u043b\u044f\u044e\u0442\u0441\u044f \u043a\u043e\u043c\u043c\u0435\u0440\u0447\u0435\u0441\u043a\u0438\u0435 \u0442\u043e\u0432\u0430\u0440\u0438\u0449\u0435\u0441\u0442\u0432\u0430, \u0447\u0430\u0441\u0442\u043d\u044b\u0435 \u043b\u0438\u0446\u0430, \u0430 \u0442\u0430\u043a\u0436\u0435 \u043f\u0443\u0431\u043b\u0438\u0447\u043d\u044b\u0439 \u0441\u0435\u043a\u0442\u043e\u0440. \u0410\u0434\u0432\u043e\u043a\u0430\u0442\u044b \u0430\u0434\u0432\u043e\u043a\u0430\u0442\u0441\u043a\u043e\u0433\u043e \u0431\u044e\u0440\u043e LINDEBERG \u0441\u043f\u0435\u0446\u0438\u0430\u043b\u0438\u0437\u0438\u0440\u0443\u044e\u0442\u0441\u044f \u0432 \u0440\u0430\u0437\u043b\u0438\u0447\u043d\u044b\u0445 \u0441\u0444\u0435\u0440\u0430\u0445, \u0447\u0442\u043e\u0431\u044b \u043f\u0440\u0435\u0434\u043b\u0430\u0433\u0430\u0442\u044c \u043a\u043b\u0438\u0435\u043d\u0442\u0430\u043c \u0443\u0441\u043b\u0443\u0433\u0438 \u0432\u044b\u0441\u043e\u0447\u0430\u0439\u0448\u0435\u0433\u043e [&hellip;]\" \/>\n<meta property=\"og:url\" content=\"https:\/\/lindeberg.legal\/ru\/\" \/>\n<meta property=\"og:site_name\" content=\"Advokaadib\u00fcroo LINDEBERG\" \/>\n<meta property=\"article:publisher\" content=\"https:\/\/www.facebook.com\/LindebergLegal\/\" \/>\n<meta property=\"article:modified_time\" content=\"2023-10-05T07:29:57+00:00\" \/>\n<meta property=\"og:image\" content=\"https:\/\/lindeberg.legal\/lwp\/wp-content\/uploads\/2021\/06\/logo_vef_2020_Gold_EN-181x300.png\" \/>\n<meta name=\"twitter:card\" content=\"summary_large_image\" \/>\n<meta name=\"twitter:label1\" content=\"\u041f\u0440\u0438\u043c\u0435\u0440\u043d\u043e\u0435 \u0432\u0440\u0435\u043c\u044f \u0434\u043b\u044f \u0447\u0442\u0435\u043d\u0438\u044f\" \/>\n\t<meta name=\"twitter:data1\" content=\"2 \u043c\u0438\u043d\u0443\u0442\u044b\" \/>\n<script type=\"application\/ld+json\" class=\"yoast-schema-graph\">{\"@context\":\"https:\/\/schema.org\",\"@graph\":[{\"@type\":\"WebPage\",\"@id\":\"https:\/\/lindeberg.legal\/ru\/\",\"url\":\"https:\/\/lindeberg.legal\/ru\/\",\"name\":\"\u0413\u043b\u0430\u0432\u043d\u0430\u044f \u0441\u0442\u0440\u0430\u043d\u0438\u0446\u0430 - Advokaadib\u00fcroo LINDEBERG\",\"isPartOf\":{\"@id\":\"https:\/\/lindeberg.legal\/#website\"},\"primaryImageOfPage\":{\"@id\":\"https:\/\/lindeberg.legal\/ru\/#primaryimage\"},\"image\":{\"@id\":\"https:\/\/lindeberg.legal\/ru\/#primaryimage\"},\"thumbnailUrl\":\"https:\/\/lindeberg.legal\/lwp\/wp-content\/uploads\/2021\/06\/logo_vef_2020_Gold_EN-181x300.png\",\"datePublished\":\"2021-10-12T21:02:45+00:00\",\"dateModified\":\"2023-10-05T07:29:57+00:00\",\"breadcrumb\":{\"@id\":\"https:\/\/lindeberg.legal\/ru\/#breadcrumb\"},\"inLanguage\":\"ru-RU\",\"potentialAction\":[{\"@type\":\"ReadAction\",\"target\":[\"https:\/\/lindeberg.legal\/ru\/\"]}]},{\"@type\":\"ImageObject\",\"inLanguage\":\"ru-RU\",\"@id\":\"https:\/\/lindeberg.legal\/ru\/#primaryimage\",\"url\":\"https:\/\/lindeberg.legal\/lwp\/wp-content\/uploads\/2021\/06\/logo_vef_2020_Gold_EN-181x300.png\",\"contentUrl\":\"https:\/\/lindeberg.legal\/lwp\/wp-content\/uploads\/2021\/06\/logo_vef_2020_Gold_EN-181x300.png\"},{\"@type\":\"BreadcrumbList\",\"@id\":\"https:\/\/lindeberg.legal\/ru\/#breadcrumb\",\"itemListElement\":[{\"@type\":\"ListItem\",\"position\":1,\"name\":\"Home\",\"item\":\"https:\/\/lindeberg.legal\/ru\/\"},{\"@type\":\"ListItem\",\"position\":2,\"name\":\"\u0413\u043b\u0430\u0432\u043d\u0430\u044f \u0441\u0442\u0440\u0430\u043d\u0438\u0446\u0430\"}]},{\"@type\":\"WebSite\",\"@id\":\"https:\/\/lindeberg.legal\/#website\",\"url\":\"https:\/\/lindeberg.legal\/\",\"name\":\"Advokaadib\u00fcroo LINDEBERG\",\"description\":\"Pakume klientidele t\u00e4isteenust \u2013 abi k\u00f5ikide probleemide osas \u00fchest b\u00fcroost!\",\"potentialAction\":[{\"@type\":\"SearchAction\",\"target\":{\"@type\":\"EntryPoint\",\"urlTemplate\":\"https:\/\/lindeberg.legal\/?s={search_term_string}\"},\"query-input\":{\"@type\":\"PropertyValueSpecification\",\"valueRequired\":true,\"valueName\":\"search_term_string\"}}],\"inLanguage\":\"ru-RU\"}]}<\/script>\n<!-- \/ Yoast SEO plugin. -->","yoast_head_json":{"title":"\u0413\u043b\u0430\u0432\u043d\u0430\u044f \u0441\u0442\u0440\u0430\u043d\u0438\u0446\u0430 - Advokaadib\u00fcroo LINDEBERG","robots":{"index":"index","follow":"follow","max-snippet":"max-snippet:-1","max-image-preview":"max-image-preview:large","max-video-preview":"max-video-preview:-1"},"canonical":"https:\/\/lindeberg.legal\/ru\/","og_locale":"ru_RU","og_type":"article","og_title":"\u0413\u043b\u0430\u0432\u043d\u0430\u044f \u0441\u0442\u0440\u0430\u043d\u0438\u0446\u0430 - Advokaadib\u00fcroo LINDEBERG","og_description":"[vc_row][vc_column width=&#187;1\/4&#8243;][\/vc_column][vc_column width=&#187;1\/2&#8243;][vc_custom_heading text=&#187;\u0410\u0434\u0432\u043e\u043a\u0430\u0442\u0441\u043a\u043e\u0435 \u0431\u044e\u0440\u043e LINDEBERG&#187; use_theme_fonts=&#187;yes&#187; el_class=&#187;m-t-lg m-b-none&#187;][vc_separator color=&#187;custom&#187; align=&#187;align_left&#187; border_width=&#187;3&#8243; type=&#187;small&#187; accent_color=&#187;#ec1c28&#8243;][vc_column_text el_class=&#187;m-t-lg&#187;] \u0410\u0434\u0432\u043e\u043a\u0430\u0442\u0441\u043a\u043e\u0435 \u0431\u044e\u0440\u043e LINDEBERG \u2014 \u043a\u043b\u0430\u0441\u0441\u0438\u0447\u0435\u0441\u043a\u043e\u0435 \u0430\u0434\u0432\u043e\u043a\u0430\u0442\u0441\u043a\u043e\u0435 \u0431\u044e\u0440\u043e, \u043a\u043e\u0442\u043e\u0440\u043e\u0435 \u043f\u0440\u0435\u0434\u043b\u0430\u0433\u0430\u0435\u0442 \u044e\u0440\u0438\u0434\u0438\u0447\u0435\u0441\u043a\u0438\u0435 \u0443\u0441\u043b\u0443\u0433\u0438 \u0432\u043e \u0432\u0441\u0435\u0445 \u043e\u0441\u043d\u043e\u0432\u043d\u044b\u0445 \u043e\u0442\u0440\u0430\u0441\u043b\u044f\u0445 \u043f\u0440\u0430\u0432\u0430. \u041d\u0430\u0448\u0438\u043c\u0438 \u043a\u043b\u0438\u0435\u043d\u0442\u0430\u043c\u0438 \u044f\u0432\u043b\u044f\u044e\u0442\u0441\u044f \u043a\u043e\u043c\u043c\u0435\u0440\u0447\u0435\u0441\u043a\u0438\u0435 \u0442\u043e\u0432\u0430\u0440\u0438\u0449\u0435\u0441\u0442\u0432\u0430, \u0447\u0430\u0441\u0442\u043d\u044b\u0435 \u043b\u0438\u0446\u0430, \u0430 \u0442\u0430\u043a\u0436\u0435 \u043f\u0443\u0431\u043b\u0438\u0447\u043d\u044b\u0439 \u0441\u0435\u043a\u0442\u043e\u0440. \u0410\u0434\u0432\u043e\u043a\u0430\u0442\u044b \u0430\u0434\u0432\u043e\u043a\u0430\u0442\u0441\u043a\u043e\u0433\u043e \u0431\u044e\u0440\u043e LINDEBERG \u0441\u043f\u0435\u0446\u0438\u0430\u043b\u0438\u0437\u0438\u0440\u0443\u044e\u0442\u0441\u044f \u0432 \u0440\u0430\u0437\u043b\u0438\u0447\u043d\u044b\u0445 \u0441\u0444\u0435\u0440\u0430\u0445, \u0447\u0442\u043e\u0431\u044b \u043f\u0440\u0435\u0434\u043b\u0430\u0433\u0430\u0442\u044c \u043a\u043b\u0438\u0435\u043d\u0442\u0430\u043c \u0443\u0441\u043b\u0443\u0433\u0438 \u0432\u044b\u0441\u043e\u0447\u0430\u0439\u0448\u0435\u0433\u043e [&hellip;]","og_url":"https:\/\/lindeberg.legal\/ru\/","og_site_name":"Advokaadib\u00fcroo LINDEBERG","article_publisher":"https:\/\/www.facebook.com\/LindebergLegal\/","article_modified_time":"2023-10-05T07:29:57+00:00","og_image":[{"url":"https:\/\/lindeberg.legal\/lwp\/wp-content\/uploads\/2021\/06\/logo_vef_2020_Gold_EN-181x300.png","type":"","width":"","height":""}],"twitter_card":"summary_large_image","twitter_misc":{"\u041f\u0440\u0438\u043c\u0435\u0440\u043d\u043e\u0435 \u0432\u0440\u0435\u043c\u044f \u0434\u043b\u044f \u0447\u0442\u0435\u043d\u0438\u044f":"2 \u043c\u0438\u043d\u0443\u0442\u044b"},"schema":{"@context":"https:\/\/schema.org","@graph":[{"@type":"WebPage","@id":"https:\/\/lindeberg.legal\/ru\/","url":"https:\/\/lindeberg.legal\/ru\/","name":"\u0413\u043b\u0430\u0432\u043d\u0430\u044f \u0441\u0442\u0440\u0430\u043d\u0438\u0446\u0430 - Advokaadib\u00fcroo LINDEBERG","isPartOf":{"@id":"https:\/\/lindeberg.legal\/#website"},"primaryImageOfPage":{"@id":"https:\/\/lindeberg.legal\/ru\/#primaryimage"},"image":{"@id":"https:\/\/lindeberg.legal\/ru\/#primaryimage"},"thumbnailUrl":"https:\/\/lindeberg.legal\/lwp\/wp-content\/uploads\/2021\/06\/logo_vef_2020_Gold_EN-181x300.png","datePublished":"2021-10-12T21:02:45+00:00","dateModified":"2023-10-05T07:29:57+00:00","breadcrumb":{"@id":"https:\/\/lindeberg.legal\/ru\/#breadcrumb"},"inLanguage":"ru-RU","potentialAction":[{"@type":"ReadAction","target":["https:\/\/lindeberg.legal\/ru\/"]}]},{"@type":"ImageObject","inLanguage":"ru-RU","@id":"https:\/\/lindeberg.legal\/ru\/#primaryimage","url":"https:\/\/lindeberg.legal\/lwp\/wp-content\/uploads\/2021\/06\/logo_vef_2020_Gold_EN-181x300.png","contentUrl":"https:\/\/lindeberg.legal\/lwp\/wp-content\/uploads\/2021\/06\/logo_vef_2020_Gold_EN-181x300.png"},{"@type":"BreadcrumbList","@id":"https:\/\/lindeberg.legal\/ru\/#breadcrumb","itemListElement":[{"@type":"ListItem","position":1,"name":"Home","item":"https:\/\/lindeberg.legal\/ru\/"},{"@type":"ListItem","position":2,"name":"\u0413\u043b\u0430\u0432\u043d\u0430\u044f \u0441\u0442\u0440\u0430\u043d\u0438\u0446\u0430"}]},{"@type":"WebSite","@id":"https:\/\/lindeberg.legal\/#website","url":"https:\/\/lindeberg.legal\/","name":"Advokaadib\u00fcroo LINDEBERG","description":"Pakume klientidele t\u00e4isteenust \u2013 abi k\u00f5ikide probleemide osas \u00fchest b\u00fcroost!","potentialAction":[{"@type":"SearchAction","target":{"@type":"EntryPoint","urlTemplate":"https:\/\/lindeberg.legal\/?s={search_term_string}"},"query-input":{"@type":"PropertyValueSpecification","valueRequired":true,"valueName":"search_term_string"}}],"inLanguage":"ru-RU"}]}},"_links":{"self":[{"href":"https:\/\/lindeberg.legal\/ru\/wp-json\/wp\/v2\/pages\/3209","targetHints":{"allow":["GET"]}}],"collection":[{"href":"https:\/\/lindeberg.legal\/ru\/wp-json\/wp\/v2\/pages"}],"about":[{"href":"https:\/\/lindeberg.legal\/ru\/wp-json\/wp\/v2\/types\/page"}],"author":[{"embeddable":true,"href":"https:\/\/lindeberg.legal\/ru\/wp-json\/wp\/v2\/users\/2"}],"replies":[{"embeddable":true,"href":"https:\/\/lindeberg.legal\/ru\/wp-json\/wp\/v2\/comments?post=3209"}],"version-history":[{"count":14,"href":"https:\/\/lindeberg.legal\/ru\/wp-json\/wp\/v2\/pages\/3209\/revisions"}],"predecessor-version":[{"id":4320,"href":"https:\/\/lindeberg.legal\/ru\/wp-json\/wp\/v2\/pages\/3209\/revisions\/4320"}],"wp:attachment":[{"href":"https:\/\/lindeberg.legal\/ru\/wp-json\/wp\/v2\/media?parent=3209"}],"curies":[{"name":"wp","href":"https:\/\/api.w.org\/{rel}","templated":true}]}}