{"id":3195,"date":"2021-10-12T20:52:58","date_gmt":"2021-10-12T20:52:58","guid":{"rendered":"https:\/\/lindeberg.legal\/?page_id=3195"},"modified":"2021-10-12T21:24:49","modified_gmt":"2021-10-12T21:24:49","slug":"tunnustused","status":"publish","type":"page","link":"https:\/\/lindeberg.legal\/ru\/tunnustused\/","title":{"rendered":"\u041f\u0440\u0438\u0437\u043d\u0430\u043d\u0438\u044f"},"content":{"rendered":"<p>[vc_row][vc_column][vc_custom_heading text=&#187;\u041f\u0440\u0438\u0437\u043d\u0430\u043d\u0438\u044f&#187; font_container=&#187;tag:h2|font_size:36|text_align:left&#187; use_theme_fonts=&#187;yes&#187; el_class=&#187;m-b-md&#187;][vc_separator color=&#187;custom&#187; align=&#187;align_left&#187; border_width=&#187;3&#8243; type=&#187;small&#187; accent_color=&#187;#ec1c28&#8243;]<div id=\"ultimate-heading-467369e0c22d54a0f\" class=\"uvc-heading ult-adjust-bottom-margin ultimate-heading-467369e0c22d54a0f uvc-4697 \" data-hspacer=\"no_spacer\"  data-halign=\"left\" style=\"text-align:left\"><div class=\"uvc-heading-spacer no_spacer\" style=\"top\"><\/div><div class=\"uvc-main-heading ult-responsive\"  data-ultimate-target='.uvc-heading.ultimate-heading-467369e0c22d54a0f h2'  data-responsive-json-new='{\"font-size\":\"\",\"line-height\":\"\"}' ><h2 style=\"font-weight:normal;\">\u0417\u043e\u043b\u043e\u0442\u043e\u0439 \u0437\u043d\u0430\u043a \u043a\u043e\u0440\u043f\u043e\u0440\u0430\u0442\u0438\u0432\u043d\u043e\u0439 \u0441\u043e\u0446\u0438\u0430\u043b\u044c\u043d\u043e\u0439 \u043e\u0442\u0432\u0435\u0442\u0441\u0442\u0432\u0435\u043d\u043d\u043e\u0441\u0442\u0438<\/h2><\/div><\/div>[vc_column_text]\u0410\u0434\u0432\u043e\u043a\u0430\u0442\u0441\u043a\u043e\u0435 \u0431\u044e\u0440\u043e LINDEBERG \u0446\u0435\u043d\u0438\u0442 \u043a\u043e\u0440\u043f\u043e\u0440\u0430\u0442\u0438\u0432\u043d\u0443\u044e \u0441\u043e\u0446\u0438\u0430\u043b\u044c\u043d\u0443\u044e \u043e\u0442\u0432\u0435\u0442\u0441\u0442\u0432\u0435\u043d\u043d\u043e\u0441\u0442\u044c \u0438 \u043f\u043e\u0441\u0442\u0430\u0432\u0438\u043b\u043e \u043f\u0435\u0440\u0435\u0434 \u0441\u043e\u0431\u043e\u0439 \u0446\u0435\u043b\u044c \u0441\u0442\u0430\u0442\u044c \u043f\u0440\u0438\u043c\u0435\u0440\u043e\u043c \u0432 \u043f\u0440\u0438\u043c\u0435\u043d\u0435\u043d\u0438\u0435 \u043e\u0442\u0432\u0435\u0442\u0441\u0442\u0432\u0435\u043d\u043d\u043e\u0433\u043e \u0431\u0438\u0437\u043d\u0435\u0441\u0430 \u043d\u0430 \u0440\u044b\u043d\u043a\u0435 \u044e\u0440\u0438\u0434\u0438\u0447\u0435\u0441\u043a\u0438\u0445 \u0443\u0441\u043b\u0443\u0433. \u041a\u0430\u043a \u0438 \u0432 \u043f\u0440\u0435\u0434\u044b\u0434\u0443\u0449\u0438\u0435 \u0434\u0432\u0430 \u0433\u043e\u0434\u0430, \u0442\u0430\u043a \u0438 \u0432 2020-\u043e\u043c \u0433\u043e\u0434\u0443 \u0430\u0434\u0432\u043e\u043a\u0430\u0442\u0441\u043a\u043e\u0435 \u0431\u044e\u0440\u043e LINDEBERG \u0431\u044b\u043b\u043e \u0443\u0434\u043e\u0441\u0442\u043e\u0435\u043d\u043e \u0437\u043d\u0430\u043a\u0430 \u0437\u043e\u043b\u043e\u0442\u043e\u0433\u043e \u0443\u0440\u043e\u0432\u043d\u044f \u0438\u043d\u0434\u0435\u043a\u0441\u0430 \u0432 \u043e\u0431\u043b\u0430\u0441\u0442\u0438 \u043a\u043e\u0440\u043f\u043e\u0440\u0430\u0442\u0438\u0432\u043d\u043e\u0439 \u0441\u043e\u0446\u0438\u0430\u043b\u044c\u043d\u043e\u0439 \u043e\u0442\u0432\u0435\u0442\u0441\u0442\u0432\u0435\u043d\u043d\u043e\u0441\u0442\u0438.<\/p>\n<p>\u041e\u0431\u0437\u043e\u0440 \u0433\u0430\u043b\u0430-\u043a\u043e\u043d\u0446\u0435\u0440\u0442\u0430 \u0432 \u043e\u0431\u043b\u0430\u0441\u0442\u0438 \u043a\u043e\u0440\u043f\u043e\u0440\u0430\u0442\u0438\u0432\u043d\u043e\u0439 \u0441\u043e\u0446\u0438\u0430\u043b\u044c\u043d\u043e\u0439 \u043e\u0442\u0432\u0435\u0442\u0441\u0442\u0432\u0435\u043d\u043d\u043e\u0441\u0442\u0438 2019 \u0433\u043e\u0434\u0430:<br \/>\n<a href=\"http:\/\/www.csr.ee\/2019-aastal-sai-indeksi-margise-78-ettevotet\/\" target=\"_blank\" rel=\"noopener noreferrer\">www.csr.ee\/2019-aastal-sai-indeksi-margise-78-ettevotet<\/a><\/p>\n<p style=\"text-align: justify;\">2018 \u0433\u043e\u0434\u0430:<br \/>\n<a href=\"http:\/\/www.csr.ee\/vastutustundliku-ettevotte-margise-sai-tanavu-70-ettevotet\" target=\"_blank\" rel=\"noopener noreferrer\">www.csr.ee\/vastutustundliku-ettevotte-margise-sai-tanavu-70-ettevotet<\/a><br \/>\n<a href=\"http:\/\/www.csr.ee\/siin-on-2018-aasta-vastutustundlikumad-ettevotted\" target=\"_blank\" rel=\"noopener noreferrer\">www.csr.ee\/siin-on-2018-aasta-vastutustundlikumad-ettevotted<\/a><\/p>\n<p>[\/vc_column_text][vc_single_image image=&#187;2344&#8243; img_size=&#187;280&#215;89&#8243;]<div id=\"ultimate-heading-17269e0c22d54a51\" class=\"uvc-heading ult-adjust-bottom-margin ultimate-heading-17269e0c22d54a51 uvc-8229 \" data-hspacer=\"no_spacer\"  data-halign=\"left\" style=\"text-align:left\"><div class=\"uvc-heading-spacer no_spacer\" style=\"top\"><\/div><div class=\"uvc-main-heading ult-responsive\"  data-ultimate-target='.uvc-heading.ultimate-heading-17269e0c22d54a51 h2'  data-responsive-json-new='{\"font-size\":\"\",\"line-height\":\"\"}' ><h2 style=\"font-weight:normal;\">\u0422\u041e\u041f 2020 \u0441\u0430\u043c\u044b\u0445 \u0443\u0441\u043f\u0435\u0448\u043d\u044b\u0445 \u0430\u0434\u0432\u043e\u043a\u0430\u0442\u0441\u043a\u0438\u0445 \u0431\u044e\u0440\u043e \u042d\u0441\u0442\u043e\u043d\u0438\u0438<\/h2><\/div><\/div>[vc_column_text]<\/p>\n<p style=\"text-align: justify;\">\u00c4rip\u00e4ev \u0438\u0437\u0431\u0440\u0430\u043b \u0430\u0434\u0432\u043e\u043a\u0430\u0442\u0441\u043a\u043e\u0435 \u0431\u044e\u0440\u043e LINDEBERG \u0432 \u0422\u041e\u041f \u0442\u0440\u0438\u0434\u0446\u0430\u0442\u0438 \u043f\u044f\u0442\u0438 \u0441\u0430\u043c\u044b\u0445 \u0443\u0441\u043f\u0435\u0448\u043d\u044b\u0445 \u0430\u0434\u0432\u043e\u043a\u0430\u0442\u0441\u043a\u0438\u0445 \u0431\u044e\u0440\u043e \u0432 2020 \u0433\u043e\u0434\u0443.<\/p>\n<p>[\/vc_column_text][vc_single_image image=&#187;2379&#8243; img_size=&#187;350&#215;350&#8243; alignment=&#187;center&#187;]<div id=\"ultimate-heading-473969e0c22d54a6f\" class=\"uvc-heading ult-adjust-bottom-margin ultimate-heading-473969e0c22d54a6f uvc-8273 \" data-hspacer=\"no_spacer\"  data-halign=\"left\" style=\"text-align:left\"><div class=\"uvc-heading-spacer no_spacer\" style=\"top\"><\/div><div class=\"uvc-main-heading ult-responsive\"  data-ultimate-target='.uvc-heading.ultimate-heading-473969e0c22d54a6f h2'  data-responsive-json-new='{\"font-size\":\"\",\"line-height\":\"\"}' ><h2 style=\"font-weight:normal;\">\u0417\u043d\u0430\u043a \u0434\u043e\u0431\u0440\u043e\u0441\u043e\u0432\u0435\u0441\u0442\u043d\u043e\u0439 \u0442\u043e\u0440\u0433\u043e\u0432\u043b\u0438<\/h2><\/div><\/div>[vc_column_text]\u0412 2018-\u043e\u043c \u0433\u043e\u0434\u0443 \u0430\u0434\u0432\u043e\u043a\u0430\u0442\u0441\u043a\u043e\u0435 \u0431\u044e\u0440\u043e LINDEBERG \u043f\u0440\u0438\u0437\u043d\u0430\u043b\u0438 \u0437\u043d\u0430\u043a\u043e\u043c \u0434\u0440\u0443\u0433\u0430 \u0434\u043e\u0431\u0440\u043e\u0441\u043e\u0432\u0435\u0441\u0442\u043d\u043e\u0439 \u0442\u043e\u0440\u0433\u043e\u0432\u043b\u0438.<\/p>\n<p>\u0421 2014 \u0433\u043e\u0434\u0430 MT\u00dc Mondo \u0432\u044b\u0434\u0430\u0435\u0442 \u043f\u0440\u0438\u0437\u043d\u0430\u043d\u0438\u0435 \u0434\u0440\u0443\u0433\u0430 \u0434\u043e\u0431\u0440\u043e\u0441\u043e\u0432\u0435\u0441\u0442\u043d\u043e\u0439 \u0442\u043e\u0440\u0433\u043e\u0432\u043b\u0438. \u041e\u043d\u043e \u043f\u0440\u0435\u0434\u043d\u0430\u0437\u043d\u0430\u0447\u0430\u0435\u0442\u0441\u044f \u0434\u043b\u044f \u0442\u0435\u0445, \u043a\u0442\u043e \u0432 \u0441\u0432\u043e\u0435\u0439 \u0440\u0430\u0431\u043e\u0442\u0435 \u0438 \u0434\u0435\u044f\u0442\u0435\u043b\u044c\u043d\u043e\u0441\u0442\u0438 \u043f\u0440\u043e\u0434\u0432\u0438\u0433\u0430\u0435\u0442 \u0434\u043e\u0431\u0440\u043e\u0441\u043e\u0432\u0435\u0441\u0442\u043d\u0443\u044e \u0442\u043e\u0440\u0433\u043e\u0432\u043b\u044e, \u0438\u0441\u043f\u043e\u043b\u044c\u0437\u0443\u0435\u0442 \u0441\u043e\u043e\u0442\u0432\u0435\u0442\u0441\u0442\u0432\u0443\u044e\u0449\u0435 \u0441\u0435\u0440\u0442\u0438\u0444\u0438\u0446\u0438\u0440\u043e\u0432\u0430\u043d\u043d\u0443\u044e \u043f\u0440\u043e\u0434\u0443\u043a\u0446\u0438\u044e, \u0430 \u0442\u0430\u043a\u0436\u0435 \u0433\u043e\u0442\u043e\u0432\u044b \u0432\u0434\u043e\u0445\u043d\u043e\u0432\u043b\u044f\u0442\u044c \u0434\u0440\u0443\u0433\u0438\u0445.<\/p>\n<p>\u0414\u0440\u0443\u0437\u044c\u044f\u043c\u0438 \u0434\u043e\u0431\u0440\u043e\u0441\u043e\u0432\u0435\u0441\u0442\u043d\u043e\u0439 \u0442\u043e\u0440\u0433\u043e\u0432\u043b\u0438 \u043c\u043e\u0433\u0443\u0442 \u0431\u044b\u0442\u044c \u0432\u0441\u0435 \u043f\u0440\u0435\u0434\u043f\u0440\u0438\u044f\u0442\u0438\u044f \u0438 \u043e\u0440\u0433\u0430\u043d\u0438\u0437\u0430\u0446\u0438\u0438, \u043a\u0442\u043e:<\/p>\n<ul>\n<li>\u0418\u0441\u043f\u043e\u043b\u044c\u0437\u0443\u044e\u0442, \u043f\u0440\u043e\u0434\u0430\u044e\u0442 \u0438\u043b\u0438 \u043f\u0440\u043e\u0438\u0437\u0432\u043e\u0434\u044f\u0442 \u0442\u043e\u0432\u0430\u0440\u044b \u0441\u043e \u0437\u043d\u0430\u043a\u043e\u043c \u0434\u043e\u0431\u0440\u043e\u0441\u043e\u0432\u0435\u0441\u0442\u043d\u043e\u0439 \u0442\u043e\u0440\u0433\u043e\u0432\u043b\u0438, \u0432 \u0447\u0430\u0441\u0442\u043d\u043e\u0441\u0442\u0438 \u0441\u043e \u0437\u043d\u0430\u043a\u043e\u043c Fairtrade;<\/li>\n<li>\u0421\u043f\u043e\u0441\u043e\u0431\u0441\u0442\u0432\u0443\u044e\u0442 \u043f\u0440\u043e\u0434\u0432\u0438\u0436\u0435\u043d\u0438\u044e \u0446\u0435\u043d\u043d\u043e\u0441\u0442\u0435\u0439 \u0434\u043e\u0431\u0440\u043e\u0441\u043e\u0432\u0435\u0441\u0442\u043d\u043e\u0439 \u0442\u043e\u0440\u0433\u043e\u0432\u043b\u0438 \u0438 \u043f\u0440\u0438\u043d\u0438\u043c\u0430\u044e\u0442 \u0443\u0447\u0430\u0441\u0442\u0438\u0435 \u0432 \u0434\u0435\u044f\u0442\u0435\u043b\u044c\u043d\u043e\u0441\u0442\u0438 \u043c\u0435\u0441\u044f\u0446\u0430 (\u043e\u043a\u0442\u044f\u0431\u0440\u044c) \u0434\u043e\u0431\u0440\u043e\u0441\u043e\u0432\u0435\u0441\u0442\u043d\u043e\u0439 \u0442\u043e\u0440\u0433\u043e\u0432\u043b\u0438;<\/li>\n<li>\u041f\u0440\u043e\u0434\u0432\u0438\u0433\u0430\u044e\u0442 \u0438\u0441\u043f\u043e\u043b\u044c\u0437\u0443\u0435\u043c\u0443\u044e \u0438\u043b\u0438 \u043f\u0440\u043e\u0434\u0430\u0432\u0430\u0435\u043c\u0443\u044e \u043f\u0440\u043e\u0434\u0443\u043a\u0446\u0438\u044e \u0434\u043e\u0431\u0440\u043e\u0441\u043e\u0432\u0435\u0441\u0442\u043d\u043e\u0439 \u0442\u043e\u0440\u0433\u043e\u0432\u043b\u0438 \u043d\u0430 \u0441\u0432\u043e\u0438\u0445 \u0438\u043d\u0444\u043e\u0440\u043c\u0430\u0446\u0438\u043e\u043d\u043d\u044b\u0445 \u043a\u0430\u043d\u0430\u043b\u0430\u0445, \u0432 \u0441\u043e\u0446\u0438\u0430\u043b\u044c\u043d\u044b\u0445 \u0441\u0435\u0442\u044f\u0445, \u043d\u0430 \u0434\u043e\u043c\u0430\u0448\u043d\u0435\u0439 \u0441\u0442\u0440\u0430\u043d\u0438\u0446\u0435 \u0438 \u0432 \u043c\u0430\u0442\u0435\u0440\u0438\u0430\u043b\u0430\u0445;<\/li>\n<li>\u0415\u0436\u0435\u0434\u043d\u0435\u0432\u043d\u043e \u0432\u0435\u0434\u0443\u0442 \u0441\u0435\u0431\u044f \u0441\u043e\u043b\u0438\u0434\u0430\u0440\u043d\u043e \u0438 \u043e\u0442\u0432\u0435\u0442\u0441\u0442\u0432\u0435\u043d\u043d\u043e.<\/li>\n<\/ul>\n<p style=\"text-align: justify;\">\u0414\u043e\u043f\u043e\u043b\u043d\u0438\u0442\u0435\u043b\u044c\u043d\u0430\u044f \u0438\u043d\u0444\u043e\u0440\u043c\u0430\u0446\u0438\u044f: <a href=\"http:\/\/www.fairtrade.ee\/sober\" target=\"_blank\" rel=\"noopener noreferrer\">www.fairtrade.ee\/sober<\/a><\/p>\n<p>[\/vc_column_text][vc_single_image image=&#187;1671&#8243; img_size=&#187;&#187; alignment=&#187;center&#187;]<div id=\"ultimate-heading-235569e0c22d54a87\" class=\"uvc-heading ult-adjust-bottom-margin ultimate-heading-235569e0c22d54a87 uvc-4462 \" data-hspacer=\"no_spacer\"  data-halign=\"left\" style=\"text-align:left\"><div class=\"uvc-heading-spacer no_spacer\" style=\"top\"><\/div><div class=\"uvc-main-heading ult-responsive\"  data-ultimate-target='.uvc-heading.ultimate-heading-235569e0c22d54a87 h2'  data-responsive-json-new='{\"font-size\":\"\",\"line-height\":\"\"}' ><h2 style=\"font-weight:normal;\">\u0427\u043b\u0435\u043d\u0441\u0442\u0432\u043e<\/h2><\/div><\/div>[vc_column_text]\u0410\u0434\u0432\u043e\u043a\u0430\u0442\u0441\u043a\u043e\u0435 \u0431\u044e\u0440\u043e LINDEBERG \u044f\u0432\u043b\u044f\u0435\u0442\u0441\u044f \u0447\u043b\u0435\u043d\u043e\u043c \u042d\u0441\u0442\u043e\u043d\u0441\u043a\u043e\u0433\u043e \u0441\u043e\u044e\u0437\u0430 \u043d\u0430\u043b\u043e\u0433\u043e\u043f\u043b\u0430\u0442\u0435\u043b\u044c\u0449\u0438\u043a\u043e\u0432, \u042d\u0441\u0442\u043e\u043d\u0441\u043a\u043e\u0439 \u0442\u043e\u0440\u0433\u043e\u0432\u043e-\u043f\u0440\u043e\u043c\u044b\u0448\u043b\u0435\u043d\u043d\u043e\u0439 \u043f\u0430\u043b\u0430\u0442\u044b \u0438 \u0424\u043e\u0440\u0443\u043c\u0430 \u043e\u0442\u0432\u0435\u0442\u0441\u0442\u0432\u0435\u043d\u043d\u043e\u0433\u043e \u0431\u0438\u0437\u043d\u0435\u0441\u0430.[\/vc_column_text][vc_single_image image=&#187;1439&#8243; img_size=&#187;&#187; alignment=&#187;center&#187;][\/vc_column][\/vc_row][vc_row][vc_column][\/vc_column][\/vc_row]<\/p>\n","protected":false},"excerpt":{"rendered":"<p>[vc_row][vc_column][vc_custom_heading text=&#187;\u041f\u0440\u0438\u0437\u043d\u0430\u043d\u0438\u044f&#187; font_container=&#187;tag:h2|font_size:36|text_align:left&#187; use_theme_fonts=&#187;yes&#187; el_class=&#187;m-b-md&#187;][vc_separator color=&#187;custom&#187; align=&#187;align_left&#187; border_width=&#187;3&#8243; type=&#187;small&#187; accent_color=&#187;#ec1c28&#8243;][vc_column_text]\u0410\u0434\u0432\u043e\u043a\u0430\u0442\u0441\u043a\u043e\u0435 \u0431\u044e\u0440\u043e LINDEBERG \u0446\u0435\u043d\u0438\u0442 \u043a\u043e\u0440\u043f\u043e\u0440\u0430\u0442\u0438\u0432\u043d\u0443\u044e \u0441\u043e\u0446\u0438\u0430\u043b\u044c\u043d\u0443\u044e \u043e\u0442\u0432\u0435\u0442\u0441\u0442\u0432\u0435\u043d\u043d\u043e\u0441\u0442\u044c \u0438 \u043f\u043e\u0441\u0442\u0430\u0432\u0438\u043b\u043e \u043f\u0435\u0440\u0435\u0434 \u0441\u043e\u0431\u043e\u0439 \u0446\u0435\u043b\u044c \u0441\u0442\u0430\u0442\u044c \u043f\u0440\u0438\u043c\u0435\u0440\u043e\u043c \u0432 \u043f\u0440\u0438\u043c\u0435\u043d\u0435\u043d\u0438\u0435 \u043e\u0442\u0432\u0435\u0442\u0441\u0442\u0432\u0435\u043d\u043d\u043e\u0433\u043e \u0431\u0438\u0437\u043d\u0435\u0441\u0430 \u043d\u0430 \u0440\u044b\u043d\u043a\u0435 \u044e\u0440\u0438\u0434\u0438\u0447\u0435\u0441\u043a\u0438\u0445 \u0443\u0441\u043b\u0443\u0433. \u041a\u0430\u043a \u0438 \u0432 \u043f\u0440\u0435\u0434\u044b\u0434\u0443\u0449\u0438\u0435 \u0434\u0432\u0430 \u0433\u043e\u0434\u0430, \u0442\u0430\u043a \u0438 \u0432 2020-\u043e\u043c \u0433\u043e\u0434\u0443 \u0430\u0434\u0432\u043e\u043a\u0430\u0442\u0441\u043a\u043e\u0435 \u0431\u044e\u0440\u043e LINDEBERG \u0431\u044b\u043b\u043e \u0443\u0434\u043e\u0441\u0442\u043e\u0435\u043d\u043e \u0437\u043d\u0430\u043a\u0430 \u0437\u043e\u043b\u043e\u0442\u043e\u0433\u043e \u0443\u0440\u043e\u0432\u043d\u044f \u0438\u043d\u0434\u0435\u043a\u0441\u0430 \u0432 \u043e\u0431\u043b\u0430\u0441\u0442\u0438 \u043a\u043e\u0440\u043f\u043e\u0440\u0430\u0442\u0438\u0432\u043d\u043e\u0439 \u0441\u043e\u0446\u0438\u0430\u043b\u044c\u043d\u043e\u0439 [&hellip;]<\/p>\n","protected":false},"author":6,"featured_media":0,"parent":0,"menu_order":0,"comment_status":"closed","ping_status":"closed","template":"","meta":{"footnotes":""},"class_list":["post-3195","page","type-page","status-publish","hentry"],"yoast_head":"<!-- This site is optimized with the Yoast SEO plugin v26.5 - https:\/\/yoast.com\/wordpress\/plugins\/seo\/ -->\n<title>\u041f\u0440\u0438\u0437\u043d\u0430\u043d\u0438\u044f - Advokaadib\u00fcroo LINDEBERG<\/title>\n<meta name=\"robots\" content=\"index, follow, max-snippet:-1, max-image-preview:large, max-video-preview:-1\" \/>\n<link rel=\"canonical\" href=\"https:\/\/lindeberg.legal\/ru\/tunnustused\/\" \/>\n<meta property=\"og:locale\" content=\"ru_RU\" \/>\n<meta property=\"og:type\" content=\"article\" \/>\n<meta property=\"og:title\" content=\"\u041f\u0440\u0438\u0437\u043d\u0430\u043d\u0438\u044f - Advokaadib\u00fcroo LINDEBERG\" \/>\n<meta property=\"og:description\" content=\"[vc_row][vc_column][vc_custom_heading text=&#187;\u041f\u0440\u0438\u0437\u043d\u0430\u043d\u0438\u044f&#187; font_container=&#187;tag:h2|font_size:36|text_align:left&#187; use_theme_fonts=&#187;yes&#187; el_class=&#187;m-b-md&#187;][vc_separator color=&#187;custom&#187; align=&#187;align_left&#187; border_width=&#187;3&#8243; type=&#187;small&#187; accent_color=&#187;#ec1c28&#8243;][vc_column_text]\u0410\u0434\u0432\u043e\u043a\u0430\u0442\u0441\u043a\u043e\u0435 \u0431\u044e\u0440\u043e LINDEBERG \u0446\u0435\u043d\u0438\u0442 \u043a\u043e\u0440\u043f\u043e\u0440\u0430\u0442\u0438\u0432\u043d\u0443\u044e \u0441\u043e\u0446\u0438\u0430\u043b\u044c\u043d\u0443\u044e \u043e\u0442\u0432\u0435\u0442\u0441\u0442\u0432\u0435\u043d\u043d\u043e\u0441\u0442\u044c \u0438 \u043f\u043e\u0441\u0442\u0430\u0432\u0438\u043b\u043e \u043f\u0435\u0440\u0435\u0434 \u0441\u043e\u0431\u043e\u0439 \u0446\u0435\u043b\u044c \u0441\u0442\u0430\u0442\u044c \u043f\u0440\u0438\u043c\u0435\u0440\u043e\u043c \u0432 \u043f\u0440\u0438\u043c\u0435\u043d\u0435\u043d\u0438\u0435 \u043e\u0442\u0432\u0435\u0442\u0441\u0442\u0432\u0435\u043d\u043d\u043e\u0433\u043e \u0431\u0438\u0437\u043d\u0435\u0441\u0430 \u043d\u0430 \u0440\u044b\u043d\u043a\u0435 \u044e\u0440\u0438\u0434\u0438\u0447\u0435\u0441\u043a\u0438\u0445 \u0443\u0441\u043b\u0443\u0433. \u041a\u0430\u043a \u0438 \u0432 \u043f\u0440\u0435\u0434\u044b\u0434\u0443\u0449\u0438\u0435 \u0434\u0432\u0430 \u0433\u043e\u0434\u0430, \u0442\u0430\u043a \u0438 \u0432 2020-\u043e\u043c \u0433\u043e\u0434\u0443 \u0430\u0434\u0432\u043e\u043a\u0430\u0442\u0441\u043a\u043e\u0435 \u0431\u044e\u0440\u043e LINDEBERG \u0431\u044b\u043b\u043e \u0443\u0434\u043e\u0441\u0442\u043e\u0435\u043d\u043e \u0437\u043d\u0430\u043a\u0430 \u0437\u043e\u043b\u043e\u0442\u043e\u0433\u043e \u0443\u0440\u043e\u0432\u043d\u044f \u0438\u043d\u0434\u0435\u043a\u0441\u0430 \u0432 \u043e\u0431\u043b\u0430\u0441\u0442\u0438 \u043a\u043e\u0440\u043f\u043e\u0440\u0430\u0442\u0438\u0432\u043d\u043e\u0439 \u0441\u043e\u0446\u0438\u0430\u043b\u044c\u043d\u043e\u0439 [&hellip;]\" \/>\n<meta property=\"og:url\" content=\"https:\/\/lindeberg.legal\/ru\/tunnustused\/\" \/>\n<meta property=\"og:site_name\" content=\"Advokaadib\u00fcroo LINDEBERG\" \/>\n<meta property=\"article:publisher\" content=\"https:\/\/www.facebook.com\/LindebergLegal\/\" \/>\n<meta property=\"article:modified_time\" content=\"2021-10-12T21:24:49+00:00\" \/>\n<meta property=\"og:image\" content=\"https:\/\/lindeberg.legal\/lwp\/wp-content\/uploads\/2021\/01\/FB-thumbnail.png\" \/>\n\t<meta property=\"og:image:width\" content=\"1200\" \/>\n\t<meta property=\"og:image:height\" content=\"630\" \/>\n\t<meta property=\"og:image:type\" content=\"image\/png\" \/>\n<meta name=\"twitter:card\" content=\"summary_large_image\" \/>\n<meta name=\"twitter:label1\" content=\"\u041f\u0440\u0438\u043c\u0435\u0440\u043d\u043e\u0435 \u0432\u0440\u0435\u043c\u044f \u0434\u043b\u044f \u0447\u0442\u0435\u043d\u0438\u044f\" \/>\n\t<meta name=\"twitter:data1\" content=\"2 \u043c\u0438\u043d\u0443\u0442\u044b\" \/>\n<script type=\"application\/ld+json\" class=\"yoast-schema-graph\">{\"@context\":\"https:\/\/schema.org\",\"@graph\":[{\"@type\":\"WebPage\",\"@id\":\"https:\/\/lindeberg.legal\/ru\/tunnustused\/\",\"url\":\"https:\/\/lindeberg.legal\/ru\/tunnustused\/\",\"name\":\"\u041f\u0440\u0438\u0437\u043d\u0430\u043d\u0438\u044f - Advokaadib\u00fcroo LINDEBERG\",\"isPartOf\":{\"@id\":\"https:\/\/lindeberg.legal\/#website\"},\"datePublished\":\"2021-10-12T20:52:58+00:00\",\"dateModified\":\"2021-10-12T21:24:49+00:00\",\"breadcrumb\":{\"@id\":\"https:\/\/lindeberg.legal\/ru\/tunnustused\/#breadcrumb\"},\"inLanguage\":\"ru-RU\",\"potentialAction\":[{\"@type\":\"ReadAction\",\"target\":[\"https:\/\/lindeberg.legal\/ru\/tunnustused\/\"]}]},{\"@type\":\"BreadcrumbList\",\"@id\":\"https:\/\/lindeberg.legal\/ru\/tunnustused\/#breadcrumb\",\"itemListElement\":[{\"@type\":\"ListItem\",\"position\":1,\"name\":\"Home\",\"item\":\"https:\/\/lindeberg.legal\/ru\/\"},{\"@type\":\"ListItem\",\"position\":2,\"name\":\"\u041f\u0440\u0438\u0437\u043d\u0430\u043d\u0438\u044f\"}]},{\"@type\":\"WebSite\",\"@id\":\"https:\/\/lindeberg.legal\/#website\",\"url\":\"https:\/\/lindeberg.legal\/\",\"name\":\"Advokaadib\u00fcroo LINDEBERG\",\"description\":\"Pakume klientidele t\u00e4isteenust \u2013 abi k\u00f5ikide probleemide osas \u00fchest b\u00fcroost!\",\"potentialAction\":[{\"@type\":\"SearchAction\",\"target\":{\"@type\":\"EntryPoint\",\"urlTemplate\":\"https:\/\/lindeberg.legal\/?s={search_term_string}\"},\"query-input\":{\"@type\":\"PropertyValueSpecification\",\"valueRequired\":true,\"valueName\":\"search_term_string\"}}],\"inLanguage\":\"ru-RU\"}]}<\/script>\n<!-- \/ Yoast SEO plugin. -->","yoast_head_json":{"title":"\u041f\u0440\u0438\u0437\u043d\u0430\u043d\u0438\u044f - Advokaadib\u00fcroo LINDEBERG","robots":{"index":"index","follow":"follow","max-snippet":"max-snippet:-1","max-image-preview":"max-image-preview:large","max-video-preview":"max-video-preview:-1"},"canonical":"https:\/\/lindeberg.legal\/ru\/tunnustused\/","og_locale":"ru_RU","og_type":"article","og_title":"\u041f\u0440\u0438\u0437\u043d\u0430\u043d\u0438\u044f - Advokaadib\u00fcroo LINDEBERG","og_description":"[vc_row][vc_column][vc_custom_heading text=&#187;\u041f\u0440\u0438\u0437\u043d\u0430\u043d\u0438\u044f&#187; font_container=&#187;tag:h2|font_size:36|text_align:left&#187; use_theme_fonts=&#187;yes&#187; el_class=&#187;m-b-md&#187;][vc_separator color=&#187;custom&#187; align=&#187;align_left&#187; border_width=&#187;3&#8243; type=&#187;small&#187; accent_color=&#187;#ec1c28&#8243;][vc_column_text]\u0410\u0434\u0432\u043e\u043a\u0430\u0442\u0441\u043a\u043e\u0435 \u0431\u044e\u0440\u043e LINDEBERG \u0446\u0435\u043d\u0438\u0442 \u043a\u043e\u0440\u043f\u043e\u0440\u0430\u0442\u0438\u0432\u043d\u0443\u044e \u0441\u043e\u0446\u0438\u0430\u043b\u044c\u043d\u0443\u044e \u043e\u0442\u0432\u0435\u0442\u0441\u0442\u0432\u0435\u043d\u043d\u043e\u0441\u0442\u044c \u0438 \u043f\u043e\u0441\u0442\u0430\u0432\u0438\u043b\u043e \u043f\u0435\u0440\u0435\u0434 \u0441\u043e\u0431\u043e\u0439 \u0446\u0435\u043b\u044c \u0441\u0442\u0430\u0442\u044c \u043f\u0440\u0438\u043c\u0435\u0440\u043e\u043c \u0432 \u043f\u0440\u0438\u043c\u0435\u043d\u0435\u043d\u0438\u0435 \u043e\u0442\u0432\u0435\u0442\u0441\u0442\u0432\u0435\u043d\u043d\u043e\u0433\u043e \u0431\u0438\u0437\u043d\u0435\u0441\u0430 \u043d\u0430 \u0440\u044b\u043d\u043a\u0435 \u044e\u0440\u0438\u0434\u0438\u0447\u0435\u0441\u043a\u0438\u0445 \u0443\u0441\u043b\u0443\u0433. \u041a\u0430\u043a \u0438 \u0432 \u043f\u0440\u0435\u0434\u044b\u0434\u0443\u0449\u0438\u0435 \u0434\u0432\u0430 \u0433\u043e\u0434\u0430, \u0442\u0430\u043a \u0438 \u0432 2020-\u043e\u043c \u0433\u043e\u0434\u0443 \u0430\u0434\u0432\u043e\u043a\u0430\u0442\u0441\u043a\u043e\u0435 \u0431\u044e\u0440\u043e LINDEBERG \u0431\u044b\u043b\u043e \u0443\u0434\u043e\u0441\u0442\u043e\u0435\u043d\u043e \u0437\u043d\u0430\u043a\u0430 \u0437\u043e\u043b\u043e\u0442\u043e\u0433\u043e \u0443\u0440\u043e\u0432\u043d\u044f \u0438\u043d\u0434\u0435\u043a\u0441\u0430 \u0432 \u043e\u0431\u043b\u0430\u0441\u0442\u0438 \u043a\u043e\u0440\u043f\u043e\u0440\u0430\u0442\u0438\u0432\u043d\u043e\u0439 \u0441\u043e\u0446\u0438\u0430\u043b\u044c\u043d\u043e\u0439 [&hellip;]","og_url":"https:\/\/lindeberg.legal\/ru\/tunnustused\/","og_site_name":"Advokaadib\u00fcroo LINDEBERG","article_publisher":"https:\/\/www.facebook.com\/LindebergLegal\/","article_modified_time":"2021-10-12T21:24:49+00:00","og_image":[{"width":1200,"height":630,"url":"https:\/\/lindeberg.legal\/lwp\/wp-content\/uploads\/2021\/01\/FB-thumbnail.png","type":"image\/png"}],"twitter_card":"summary_large_image","twitter_misc":{"\u041f\u0440\u0438\u043c\u0435\u0440\u043d\u043e\u0435 \u0432\u0440\u0435\u043c\u044f \u0434\u043b\u044f \u0447\u0442\u0435\u043d\u0438\u044f":"2 \u043c\u0438\u043d\u0443\u0442\u044b"},"schema":{"@context":"https:\/\/schema.org","@graph":[{"@type":"WebPage","@id":"https:\/\/lindeberg.legal\/ru\/tunnustused\/","url":"https:\/\/lindeberg.legal\/ru\/tunnustused\/","name":"\u041f\u0440\u0438\u0437\u043d\u0430\u043d\u0438\u044f - Advokaadib\u00fcroo LINDEBERG","isPartOf":{"@id":"https:\/\/lindeberg.legal\/#website"},"datePublished":"2021-10-12T20:52:58+00:00","dateModified":"2021-10-12T21:24:49+00:00","breadcrumb":{"@id":"https:\/\/lindeberg.legal\/ru\/tunnustused\/#breadcrumb"},"inLanguage":"ru-RU","potentialAction":[{"@type":"ReadAction","target":["https:\/\/lindeberg.legal\/ru\/tunnustused\/"]}]},{"@type":"BreadcrumbList","@id":"https:\/\/lindeberg.legal\/ru\/tunnustused\/#breadcrumb","itemListElement":[{"@type":"ListItem","position":1,"name":"Home","item":"https:\/\/lindeberg.legal\/ru\/"},{"@type":"ListItem","position":2,"name":"\u041f\u0440\u0438\u0437\u043d\u0430\u043d\u0438\u044f"}]},{"@type":"WebSite","@id":"https:\/\/lindeberg.legal\/#website","url":"https:\/\/lindeberg.legal\/","name":"Advokaadib\u00fcroo LINDEBERG","description":"Pakume klientidele t\u00e4isteenust \u2013 abi k\u00f5ikide probleemide osas \u00fchest b\u00fcroost!","potentialAction":[{"@type":"SearchAction","target":{"@type":"EntryPoint","urlTemplate":"https:\/\/lindeberg.legal\/?s={search_term_string}"},"query-input":{"@type":"PropertyValueSpecification","valueRequired":true,"valueName":"search_term_string"}}],"inLanguage":"ru-RU"}]}},"_links":{"self":[{"href":"https:\/\/lindeberg.legal\/ru\/wp-json\/wp\/v2\/pages\/3195","targetHints":{"allow":["GET"]}}],"collection":[{"href":"https:\/\/lindeberg.legal\/ru\/wp-json\/wp\/v2\/pages"}],"about":[{"href":"https:\/\/lindeberg.legal\/ru\/wp-json\/wp\/v2\/types\/page"}],"author":[{"embeddable":true,"href":"https:\/\/lindeberg.legal\/ru\/wp-json\/wp\/v2\/users\/6"}],"replies":[{"embeddable":true,"href":"https:\/\/lindeberg.legal\/ru\/wp-json\/wp\/v2\/comments?post=3195"}],"version-history":[{"count":2,"href":"https:\/\/lindeberg.legal\/ru\/wp-json\/wp\/v2\/pages\/3195\/revisions"}],"predecessor-version":[{"id":3230,"href":"https:\/\/lindeberg.legal\/ru\/wp-json\/wp\/v2\/pages\/3195\/revisions\/3230"}],"wp:attachment":[{"href":"https:\/\/lindeberg.legal\/ru\/wp-json\/wp\/v2\/media?parent=3195"}],"curies":[{"name":"wp","href":"https:\/\/api.w.org\/{rel}","templated":true}]}}