{"id":3192,"date":"2021-10-12T20:51:36","date_gmt":"2021-10-12T20:51:36","guid":{"rendered":"https:\/\/lindeberg.legal\/?page_id=3192"},"modified":"2021-10-12T21:26:38","modified_gmt":"2021-10-12T21:26:38","slug":"heategevus","status":"publish","type":"page","link":"https:\/\/lindeberg.legal\/ru\/heategevus\/","title":{"rendered":"\u0411\u043b\u0430\u0433\u043e\u0442\u0432\u043e\u0440\u0438\u0442\u0435\u043b\u044c\u043d\u043e\u0441\u0442\u044c"},"content":{"rendered":"<p>[vc_row][vc_column][vc_custom_heading text=&#187;\u0411\u043b\u0430\u0433\u043e\u0442\u0432\u043e\u0440\u0438\u0442\u0435\u043b\u044c\u043d\u043e\u0441\u0442\u044c&#187; font_container=&#187;tag:h2|font_size:36|text_align:left&#187; use_theme_fonts=&#187;yes&#187; el_class=&#187;m-b-md&#187;][vc_separator color=&#187;custom&#187; align=&#187;align_left&#187; border_width=&#187;3&#8243; type=&#187;small&#187; accent_color=&#187;#ec1c28&#8243;][vc_column_text el_class=&#187;lead m-b-lg&#187;]\u0421 2008-\u0433\u043e \u0433\u043e\u0434\u0430 \u041a\u0435\u0439\u043e \u041b\u0438\u043d\u0434\u0435\u0431\u0435\u0440\u0433, \u0443\u043f\u0440\u0430\u0432\u043b\u044f\u044e\u0449\u0438\u0439 \u043f\u0430\u0440\u0442\u043d\u0435\u0440 \u0430\u0434\u0432\u043e\u043a\u0430\u0442\u0441\u043a\u043e\u0433\u043e \u0431\u044e\u0440\u043e LINDEBERG, \u0443\u0447\u0430\u0441\u0442\u0432\u0443\u0435\u0442 \u0432 \u0440\u0430\u0437\u043b\u0438\u0447\u043d\u044b\u0445 \u0431\u043b\u0430\u0433\u043e\u0442\u0432\u043e\u0440\u0438\u0442\u0435\u043b\u044c\u043d\u044b\u0445 \u0444\u043e\u043d\u0434\u0430\u0445 \u043f\u043e\u043c\u043e\u0449\u0438 \u0436\u0438\u0432\u043e\u0442\u043d\u044b\u043c.[\/vc_column_text][vc_column_text]\u0410\u0434\u0432\u043e\u043a\u0430\u0442\u0441\u043a\u043e\u0435 \u0431\u044e\u0440\u043e LINDEBERG \u0441\u043e\u0442\u0440\u0443\u0434\u043d\u0438\u0447\u0430\u0435\u0442 \u0441 \u043d\u0435\u043a\u043e\u043c\u043c\u0435\u0440\u0447\u0435\u0441\u043a\u0438\u043c \u043e\u0431\u044a\u0435\u0434\u0438\u043d\u0435\u043d\u0438\u0435\u043c Loomap\u00e4\u00e4stegrupp, \u043a\u043e\u0442\u043e\u0440\u043e\u043c\u0443 \u043f\u0440\u0435\u0434\u043b\u0430\u0433\u0430\u044e\u0442 \u0431\u0435\u0441\u043f\u043b\u0430\u0442\u043d\u044b\u0435 \u044e\u0440\u0438\u0434\u0438\u0447\u0435\u0441\u043a\u0438\u0435 \u0443\u0441\u043b\u0443\u0433\u0438. \u0422\u0430\u043a\u0436\u0435 \u041a\u0435\u0439\u043e \u041b\u0438\u043d\u0434\u0435\u0431\u0435\u0440\u0433, \u0443\u043f\u0440\u0430\u0432\u043b\u044f\u044e\u0449\u0438\u0439 \u043f\u0430\u0440\u0442\u043d\u0435\u0440 \u0438 \u043f\u0440\u0438\u0441\u044f\u0436\u043d\u044b\u0439 \u0430\u0434\u0432\u043e\u043a\u0430\u0442 \u0430\u0434\u0432\u043e\u043a\u0430\u0442\u0441\u043a\u043e\u0433\u043e \u0431\u044e\u0440\u043e LINDEBERG, \u043f\u0440\u0435\u0434\u043b\u0430\u0433\u0430\u043b \u0431\u0435\u0441\u043f\u043b\u0430\u0442\u043d\u044b\u0435 \u044e\u0440\u0438\u0434\u0438\u0447\u0435\u0441\u043a\u0438\u0435 \u0443\u0441\u043b\u0443\u0433\u0438 \u0438 \u0434\u0440\u0443\u0433\u0438\u043c \u043e\u0440\u0433\u0430\u043d\u0438\u0437\u0430\u0446\u0438\u044f\u043c, \u0440\u0430\u0431\u043e\u0442\u0430\u044e\u0449\u0438\u043c \u0441 \u0436\u0438\u0432\u043e\u0442\u043d\u044b\u043c\u0438, \u043d\u0430\u043f\u0440\u0438\u043c\u0435\u0440 \u043e\u0431\u0449\u0435\u0441\u0442\u0432\u0443 \u0437\u0430\u0449\u0438\u0442\u044b \u0436\u0438\u0432\u043e\u0442\u043d\u044b\u0445 \u042d\u0441\u0442\u043e\u043d\u0438\u0438, K\u00e4pp ja K\u00e4si.[\/vc_column_text][vc_column_text]<\/p>\n<ul class=\"list list-icons list-primary list-borders\">\n<li>\u0427\u043b\u0435\u043d\u044b \u043d\u0430\u0448\u0435\u0439 \u043a\u043e\u043c\u0430\u043d\u0434\u044b \u0433\u043e\u0434\u0430\u043c\u0438 \u0430\u043a\u0442\u0438\u0432\u043d\u043e \u043f\u0440\u0438\u043d\u0438\u043c\u0430\u044e\u0442 \u0443\u0447\u0430\u0441\u0442\u0438\u0435 \u0432 \u0431\u043b\u0430\u0433\u043e\u0442\u0432\u043e\u0440\u0438\u0442\u0435\u043b\u044c\u043d\u043e\u0441\u0442\u0438.<i class=\"fa fa-check\"><\/i><\/li>\n<li>\u041c\u044b \u0433\u043e\u0442\u043e\u0432\u044b \u043a \u0441\u043e\u0442\u0440\u0443\u0434\u043d\u0438\u0447\u0435\u0441\u0442\u0432\u0443 \u0441 \u0440\u0430\u0437\u043b\u0438\u0447\u043d\u044b\u043c\u0438 \u0431\u043b\u0430\u0433\u043e\u0442\u0432\u043e\u0440\u0438\u0442\u0435\u043b\u044c\u043d\u044b\u043c\u0438 \u0444\u043e\u043d\u0434\u0430\u043c\u0438 \u0438 \u0432\u044b\u0441\u043b\u0443\u0448\u0430\u0435\u043c \u043a\u0430\u0436\u0434\u043e\u0435 \u043f\u0440\u0435\u0434\u043b\u043e\u0436\u0435\u043d\u0438\u0435 \u043e \u0441\u043e\u0442\u0440\u0443\u0434\u043d\u0438\u0447\u0435\u0441\u0442\u0432\u0435.<\/li>\n<\/ul>\n<p>[\/vc_column_text][\/vc_column][\/vc_row]<\/p>\n","protected":false},"excerpt":{"rendered":"<p>[vc_row][vc_column][vc_custom_heading text=&#187;\u0411\u043b\u0430\u0433\u043e\u0442\u0432\u043e\u0440\u0438\u0442\u0435\u043b\u044c\u043d\u043e\u0441\u0442\u044c&#187; font_container=&#187;tag:h2|font_size:36|text_align:left&#187; use_theme_fonts=&#187;yes&#187; el_class=&#187;m-b-md&#187;][vc_separator color=&#187;custom&#187; align=&#187;align_left&#187; border_width=&#187;3&#8243; type=&#187;small&#187; accent_color=&#187;#ec1c28&#8243;][vc_column_text el_class=&#187;lead m-b-lg&#187;]\u0421 2008-\u0433\u043e \u0433\u043e\u0434\u0430 \u041a\u0435\u0439\u043e \u041b\u0438\u043d\u0434\u0435\u0431\u0435\u0440\u0433, \u0443\u043f\u0440\u0430\u0432\u043b\u044f\u044e\u0449\u0438\u0439 \u043f\u0430\u0440\u0442\u043d\u0435\u0440 \u0430\u0434\u0432\u043e\u043a\u0430\u0442\u0441\u043a\u043e\u0433\u043e \u0431\u044e\u0440\u043e LINDEBERG, \u0443\u0447\u0430\u0441\u0442\u0432\u0443\u0435\u0442 \u0432 \u0440\u0430\u0437\u043b\u0438\u0447\u043d\u044b\u0445 \u0431\u043b\u0430\u0433\u043e\u0442\u0432\u043e\u0440\u0438\u0442\u0435\u043b\u044c\u043d\u044b\u0445 \u0444\u043e\u043d\u0434\u0430\u0445 \u043f\u043e\u043c\u043e\u0449\u0438 \u0436\u0438\u0432\u043e\u0442\u043d\u044b\u043c.[\/vc_column_text][vc_column_text]\u0410\u0434\u0432\u043e\u043a\u0430\u0442\u0441\u043a\u043e\u0435 \u0431\u044e\u0440\u043e LINDEBERG \u0441\u043e\u0442\u0440\u0443\u0434\u043d\u0438\u0447\u0430\u0435\u0442 \u0441 \u043d\u0435\u043a\u043e\u043c\u043c\u0435\u0440\u0447\u0435\u0441\u043a\u0438\u043c \u043e\u0431\u044a\u0435\u0434\u0438\u043d\u0435\u043d\u0438\u0435\u043c Loomap\u00e4\u00e4stegrupp, \u043a\u043e\u0442\u043e\u0440\u043e\u043c\u0443 \u043f\u0440\u0435\u0434\u043b\u0430\u0433\u0430\u044e\u0442 \u0431\u0435\u0441\u043f\u043b\u0430\u0442\u043d\u044b\u0435 \u044e\u0440\u0438\u0434\u0438\u0447\u0435\u0441\u043a\u0438\u0435 \u0443\u0441\u043b\u0443\u0433\u0438. \u0422\u0430\u043a\u0436\u0435 \u041a\u0435\u0439\u043e \u041b\u0438\u043d\u0434\u0435\u0431\u0435\u0440\u0433, \u0443\u043f\u0440\u0430\u0432\u043b\u044f\u044e\u0449\u0438\u0439 \u043f\u0430\u0440\u0442\u043d\u0435\u0440 \u0438 \u043f\u0440\u0438\u0441\u044f\u0436\u043d\u044b\u0439 \u0430\u0434\u0432\u043e\u043a\u0430\u0442 \u0430\u0434\u0432\u043e\u043a\u0430\u0442\u0441\u043a\u043e\u0433\u043e \u0431\u044e\u0440\u043e LINDEBERG, \u043f\u0440\u0435\u0434\u043b\u0430\u0433\u0430\u043b \u0431\u0435\u0441\u043f\u043b\u0430\u0442\u043d\u044b\u0435 \u044e\u0440\u0438\u0434\u0438\u0447\u0435\u0441\u043a\u0438\u0435 \u0443\u0441\u043b\u0443\u0433\u0438 [&hellip;]<\/p>\n","protected":false},"author":6,"featured_media":0,"parent":0,"menu_order":0,"comment_status":"closed","ping_status":"closed","template":"","meta":{"footnotes":""},"class_list":["post-3192","page","type-page","status-publish","hentry"],"yoast_head":"<!-- This site is optimized with the Yoast SEO plugin v26.5 - https:\/\/yoast.com\/wordpress\/plugins\/seo\/ -->\n<title>\u0411\u043b\u0430\u0433\u043e\u0442\u0432\u043e\u0440\u0438\u0442\u0435\u043b\u044c\u043d\u043e\u0441\u0442\u044c - Advokaadib\u00fcroo LINDEBERG<\/title>\n<meta name=\"description\" content=\"Advokaadib\u00fcroo LINDEBERG juhtivpartner Keijo Lindeberg on alates 2008. a seotud erinevate loomi abistavate heategevusorganisatsioonidega.\" \/>\n<meta name=\"robots\" content=\"index, follow, max-snippet:-1, max-image-preview:large, max-video-preview:-1\" \/>\n<link rel=\"canonical\" href=\"https:\/\/lindeberg.legal\/ru\/heategevus\/\" \/>\n<meta property=\"og:locale\" content=\"ru_RU\" \/>\n<meta property=\"og:type\" content=\"article\" \/>\n<meta property=\"og:title\" content=\"\u0411\u043b\u0430\u0433\u043e\u0442\u0432\u043e\u0440\u0438\u0442\u0435\u043b\u044c\u043d\u043e\u0441\u0442\u044c - Advokaadib\u00fcroo LINDEBERG\" \/>\n<meta property=\"og:description\" content=\"Advokaadib\u00fcroo LINDEBERG juhtivpartner Keijo Lindeberg on alates 2008. a seotud erinevate loomi abistavate heategevusorganisatsioonidega.\" \/>\n<meta property=\"og:url\" content=\"https:\/\/lindeberg.legal\/ru\/heategevus\/\" \/>\n<meta property=\"og:site_name\" content=\"Advokaadib\u00fcroo LINDEBERG\" \/>\n<meta property=\"article:publisher\" content=\"https:\/\/www.facebook.com\/LindebergLegal\/\" \/>\n<meta property=\"article:modified_time\" content=\"2021-10-12T21:26:38+00:00\" \/>\n<meta property=\"og:image\" content=\"https:\/\/lindeberg.legal\/lwp\/wp-content\/uploads\/2021\/01\/FB-thumbnail.png\" \/>\n\t<meta property=\"og:image:width\" content=\"1200\" \/>\n\t<meta property=\"og:image:height\" content=\"630\" \/>\n\t<meta property=\"og:image:type\" content=\"image\/png\" \/>\n<meta name=\"twitter:card\" content=\"summary_large_image\" \/>\n<meta name=\"twitter:label1\" content=\"\u041f\u0440\u0438\u043c\u0435\u0440\u043d\u043e\u0435 \u0432\u0440\u0435\u043c\u044f \u0434\u043b\u044f \u0447\u0442\u0435\u043d\u0438\u044f\" \/>\n\t<meta name=\"twitter:data1\" content=\"1 \u043c\u0438\u043d\u0443\u0442\u0430\" \/>\n<script type=\"application\/ld+json\" class=\"yoast-schema-graph\">{\"@context\":\"https:\/\/schema.org\",\"@graph\":[{\"@type\":\"WebPage\",\"@id\":\"https:\/\/lindeberg.legal\/ru\/heategevus\/\",\"url\":\"https:\/\/lindeberg.legal\/ru\/heategevus\/\",\"name\":\"\u0411\u043b\u0430\u0433\u043e\u0442\u0432\u043e\u0440\u0438\u0442\u0435\u043b\u044c\u043d\u043e\u0441\u0442\u044c - Advokaadib\u00fcroo LINDEBERG\",\"isPartOf\":{\"@id\":\"https:\/\/lindeberg.legal\/#website\"},\"datePublished\":\"2021-10-12T20:51:36+00:00\",\"dateModified\":\"2021-10-12T21:26:38+00:00\",\"description\":\"Advokaadib\u00fcroo LINDEBERG juhtivpartner Keijo Lindeberg on alates 2008. a seotud erinevate loomi abistavate heategevusorganisatsioonidega.\",\"breadcrumb\":{\"@id\":\"https:\/\/lindeberg.legal\/ru\/heategevus\/#breadcrumb\"},\"inLanguage\":\"ru-RU\",\"potentialAction\":[{\"@type\":\"ReadAction\",\"target\":[\"https:\/\/lindeberg.legal\/ru\/heategevus\/\"]}]},{\"@type\":\"BreadcrumbList\",\"@id\":\"https:\/\/lindeberg.legal\/ru\/heategevus\/#breadcrumb\",\"itemListElement\":[{\"@type\":\"ListItem\",\"position\":1,\"name\":\"Home\",\"item\":\"https:\/\/lindeberg.legal\/ru\/\"},{\"@type\":\"ListItem\",\"position\":2,\"name\":\"\u0411\u043b\u0430\u0433\u043e\u0442\u0432\u043e\u0440\u0438\u0442\u0435\u043b\u044c\u043d\u043e\u0441\u0442\u044c\"}]},{\"@type\":\"WebSite\",\"@id\":\"https:\/\/lindeberg.legal\/#website\",\"url\":\"https:\/\/lindeberg.legal\/\",\"name\":\"Advokaadib\u00fcroo LINDEBERG\",\"description\":\"Pakume klientidele t\u00e4isteenust \u2013 abi k\u00f5ikide probleemide osas \u00fchest b\u00fcroost!\",\"potentialAction\":[{\"@type\":\"SearchAction\",\"target\":{\"@type\":\"EntryPoint\",\"urlTemplate\":\"https:\/\/lindeberg.legal\/?s={search_term_string}\"},\"query-input\":{\"@type\":\"PropertyValueSpecification\",\"valueRequired\":true,\"valueName\":\"search_term_string\"}}],\"inLanguage\":\"ru-RU\"}]}<\/script>\n<!-- \/ Yoast SEO plugin. -->","yoast_head_json":{"title":"\u0411\u043b\u0430\u0433\u043e\u0442\u0432\u043e\u0440\u0438\u0442\u0435\u043b\u044c\u043d\u043e\u0441\u0442\u044c - Advokaadib\u00fcroo LINDEBERG","description":"Advokaadib\u00fcroo LINDEBERG juhtivpartner Keijo Lindeberg on alates 2008. a seotud erinevate loomi abistavate heategevusorganisatsioonidega.","robots":{"index":"index","follow":"follow","max-snippet":"max-snippet:-1","max-image-preview":"max-image-preview:large","max-video-preview":"max-video-preview:-1"},"canonical":"https:\/\/lindeberg.legal\/ru\/heategevus\/","og_locale":"ru_RU","og_type":"article","og_title":"\u0411\u043b\u0430\u0433\u043e\u0442\u0432\u043e\u0440\u0438\u0442\u0435\u043b\u044c\u043d\u043e\u0441\u0442\u044c - Advokaadib\u00fcroo LINDEBERG","og_description":"Advokaadib\u00fcroo LINDEBERG juhtivpartner Keijo Lindeberg on alates 2008. a seotud erinevate loomi abistavate heategevusorganisatsioonidega.","og_url":"https:\/\/lindeberg.legal\/ru\/heategevus\/","og_site_name":"Advokaadib\u00fcroo LINDEBERG","article_publisher":"https:\/\/www.facebook.com\/LindebergLegal\/","article_modified_time":"2021-10-12T21:26:38+00:00","og_image":[{"width":1200,"height":630,"url":"https:\/\/lindeberg.legal\/lwp\/wp-content\/uploads\/2021\/01\/FB-thumbnail.png","type":"image\/png"}],"twitter_card":"summary_large_image","twitter_misc":{"\u041f\u0440\u0438\u043c\u0435\u0440\u043d\u043e\u0435 \u0432\u0440\u0435\u043c\u044f \u0434\u043b\u044f \u0447\u0442\u0435\u043d\u0438\u044f":"1 \u043c\u0438\u043d\u0443\u0442\u0430"},"schema":{"@context":"https:\/\/schema.org","@graph":[{"@type":"WebPage","@id":"https:\/\/lindeberg.legal\/ru\/heategevus\/","url":"https:\/\/lindeberg.legal\/ru\/heategevus\/","name":"\u0411\u043b\u0430\u0433\u043e\u0442\u0432\u043e\u0440\u0438\u0442\u0435\u043b\u044c\u043d\u043e\u0441\u0442\u044c - Advokaadib\u00fcroo LINDEBERG","isPartOf":{"@id":"https:\/\/lindeberg.legal\/#website"},"datePublished":"2021-10-12T20:51:36+00:00","dateModified":"2021-10-12T21:26:38+00:00","description":"Advokaadib\u00fcroo LINDEBERG juhtivpartner Keijo Lindeberg on alates 2008. a seotud erinevate loomi abistavate heategevusorganisatsioonidega.","breadcrumb":{"@id":"https:\/\/lindeberg.legal\/ru\/heategevus\/#breadcrumb"},"inLanguage":"ru-RU","potentialAction":[{"@type":"ReadAction","target":["https:\/\/lindeberg.legal\/ru\/heategevus\/"]}]},{"@type":"BreadcrumbList","@id":"https:\/\/lindeberg.legal\/ru\/heategevus\/#breadcrumb","itemListElement":[{"@type":"ListItem","position":1,"name":"Home","item":"https:\/\/lindeberg.legal\/ru\/"},{"@type":"ListItem","position":2,"name":"\u0411\u043b\u0430\u0433\u043e\u0442\u0432\u043e\u0440\u0438\u0442\u0435\u043b\u044c\u043d\u043e\u0441\u0442\u044c"}]},{"@type":"WebSite","@id":"https:\/\/lindeberg.legal\/#website","url":"https:\/\/lindeberg.legal\/","name":"Advokaadib\u00fcroo LINDEBERG","description":"Pakume klientidele t\u00e4isteenust \u2013 abi k\u00f5ikide probleemide osas \u00fchest b\u00fcroost!","potentialAction":[{"@type":"SearchAction","target":{"@type":"EntryPoint","urlTemplate":"https:\/\/lindeberg.legal\/?s={search_term_string}"},"query-input":{"@type":"PropertyValueSpecification","valueRequired":true,"valueName":"search_term_string"}}],"inLanguage":"ru-RU"}]}},"_links":{"self":[{"href":"https:\/\/lindeberg.legal\/ru\/wp-json\/wp\/v2\/pages\/3192","targetHints":{"allow":["GET"]}}],"collection":[{"href":"https:\/\/lindeberg.legal\/ru\/wp-json\/wp\/v2\/pages"}],"about":[{"href":"https:\/\/lindeberg.legal\/ru\/wp-json\/wp\/v2\/types\/page"}],"author":[{"embeddable":true,"href":"https:\/\/lindeberg.legal\/ru\/wp-json\/wp\/v2\/users\/6"}],"replies":[{"embeddable":true,"href":"https:\/\/lindeberg.legal\/ru\/wp-json\/wp\/v2\/comments?post=3192"}],"version-history":[{"count":3,"href":"https:\/\/lindeberg.legal\/ru\/wp-json\/wp\/v2\/pages\/3192\/revisions"}],"predecessor-version":[{"id":3233,"href":"https:\/\/lindeberg.legal\/ru\/wp-json\/wp\/v2\/pages\/3192\/revisions\/3233"}],"wp:attachment":[{"href":"https:\/\/lindeberg.legal\/ru\/wp-json\/wp\/v2\/media?parent=3192"}],"curies":[{"name":"wp","href":"https:\/\/api.w.org\/{rel}","templated":true}]}}