{"id":1372,"date":"2017-08-15T13:05:15","date_gmt":"2017-08-15T13:05:15","guid":{"rendered":"http:\/\/lindeberg.legal\/lwp\/ulevaade\/"},"modified":"2021-05-05T08:58:26","modified_gmt":"2021-05-05T08:58:26","slug":"advokaadiburoo-lindeberg-2","status":"publish","type":"page","link":"https:\/\/lindeberg.legal\/ru\/advokaadiburoo-lindeberg-2\/","title":{"rendered":"\u00dclevaade"},"content":{"rendered":"<p>[vc_row][vc_column width=&#187;7\/12&#8243;][vc_custom_heading text=&#187;\u00dclevaade&#187; font_container=&#187;tag:h2|font_size:36|text_align:left&#187; use_theme_fonts=&#187;yes&#187; el_class=&#187;m-b-md&#187;][vc_separator color=&#187;custom&#187; align=&#187;align_left&#187; border_width=&#187;3&#8243; type=&#187;small&#187; accent_color=&#187;#ec1c28&#8243;][vc_column_text el_class=&#187;lead m-b-lg&#187;]<\/p>\n<p style=\"text-align: justify;\">Advokaadib\u00fcroo LINDEBERG\u00a0on klassikaline advokaadib\u00fcroo, mis pakub \u00f5igusteenuseid k\u00f5igis peamistes \u00f5iguse valdkondades.<\/p>\n<p style=\"text-align: justify;\">Meie klientideks on nii \u00e4ri\u00fchingud, eraisikud kui ka avalik sektor. Advokaadib\u00fcroo LINDEBERG advokaadid on spetsialiseerunud erinevatele valdkondadele, et pakkuda klientidele kvaliteetseimat teenust.<\/p>\n<p>[\/vc_column_text][vc_column_text]<\/p>\n<p style=\"text-align: justify;\"><strong>Tugev meeskond<\/strong><\/p>\n<p style=\"text-align: justify;\">Advokaadib\u00fcroo LINDEBERG meeskond on moodustatud l\u00e4htudes eesm\u00e4rgist pakkuda enda klientidele kvaliteetseimat \u00f5igusteenust. Sageli vajavad kliendid n\u00f5ustamist mitmes erinevas valdkonnas \u2013 n\u00e4iteks \u00e4rin\u00f5ustamist ja lepingute koostamist, aga ka esindamist \u00fchisvara jagamisel ja laste hooldus\u00f5igusega seotud vaidlustes. Erinevalt paljudest teistest b\u00fcroodest, pakub Advokaadib\u00fcroo LINDEBERG n\u00f6 t\u00e4isteenust \u2013 klient saab k\u00f5igile probleemidele abi \u00fchest b\u00fcroost ega pea iga vaidluse jaoks otsima erinevat advokaadib\u00fcrood, kes teda n\u00f5ustaks ja esindaks.<\/p>\n<p style=\"text-align: justify;\"><strong>Vastutustunne<\/strong><\/p>\n<p style=\"text-align: justify;\">Advokaadib\u00fcroo LINDEBERG peab v\u00e4ga oluliseks vastutustundlikku ettev\u00f5tlust. See t\u00e4hendab, et konkreetse kliendi huvide kaitseks teevad meie advokaadid alati k\u00f5ik v\u00f5imaliku, kuid lisaks panustame ka \u00fchiskonda laiemalt. N\u00e4iteks pakub Advokaadib\u00fcroo LINDEBERG tasuta \u00f5igusteenuseid mitmele heategevusorganisatsioonile, samuti panustame haridusse ja pakume \u00f5igusteaduskonna \u00fcli\u00f5pilastele praktika v\u00f5imalusi.<\/p>\n<p>[\/vc_column_text][\/vc_column][vc_column width=&#187;1\/12&#8243;][\/vc_column][vc_column width=&#187;1\/3&#8243;][vc_wp_custommenu nav_menu=&#187;11&#8243;][\/vc_column][\/vc_row]<\/p>\n","protected":false},"excerpt":{"rendered":"<p>[vc_row][vc_column width=&#187;7\/12&#8243;][vc_custom_heading text=&#187;\u00dclevaade&#187; font_container=&#187;tag:h2|font_size:36|text_align:left&#187; use_theme_fonts=&#187;yes&#187; el_class=&#187;m-b-md&#187;][vc_separator color=&#187;custom&#187; align=&#187;align_left&#187; border_width=&#187;3&#8243; type=&#187;small&#187; accent_color=&#187;#ec1c28&#8243;][vc_column_text el_class=&#187;lead m-b-lg&#187;] Advokaadib\u00fcroo LINDEBERG\u00a0on klassikaline advokaadib\u00fcroo, mis pakub \u00f5igusteenuseid k\u00f5igis peamistes \u00f5iguse valdkondades. Meie klientideks on nii \u00e4ri\u00fchingud, eraisikud kui ka avalik sektor. Advokaadib\u00fcroo LINDEBERG advokaadid on spetsialiseerunud erinevatele valdkondadele, et pakkuda klientidele kvaliteetseimat teenust. [\/vc_column_text][vc_column_text] Tugev meeskond Advokaadib\u00fcroo LINDEBERG meeskond on moodustatud l\u00e4htudes [&hellip;]<\/p>\n","protected":false},"author":2,"featured_media":0,"parent":0,"menu_order":0,"comment_status":"closed","ping_status":"closed","template":"","meta":{"footnotes":""},"class_list":["post-1372","page","type-page","status-publish","hentry"],"yoast_head":"<!-- This site is optimized with the Yoast SEO plugin v26.5 - https:\/\/yoast.com\/wordpress\/plugins\/seo\/ -->\n<title>\u00dclevaade - Advokaadib\u00fcroo LINDEBERG<\/title>\n<meta name=\"description\" content=\"Advokaadib\u00fcroo LINDEBERG on klassikaline advokaadib\u00fcroo, mis pakub \u00f5igusteenuseid k\u00f5igis peamistes \u00f5iguse valdkondades.\" \/>\n<meta name=\"robots\" content=\"index, follow, max-snippet:-1, max-image-preview:large, max-video-preview:-1\" \/>\n<link rel=\"canonical\" href=\"https:\/\/lindeberg.legal\/ru\/advokaadiburoo-lindeberg-2\/\" \/>\n<meta property=\"og:locale\" content=\"ru_RU\" \/>\n<meta property=\"og:type\" content=\"article\" \/>\n<meta property=\"og:title\" content=\"\u00dclevaade - Advokaadib\u00fcroo LINDEBERG\" \/>\n<meta property=\"og:description\" content=\"Advokaadib\u00fcroo LINDEBERG on klassikaline advokaadib\u00fcroo, mis pakub \u00f5igusteenuseid k\u00f5igis peamistes \u00f5iguse valdkondades.\" \/>\n<meta property=\"og:url\" content=\"https:\/\/lindeberg.legal\/ru\/advokaadiburoo-lindeberg-2\/\" \/>\n<meta property=\"og:site_name\" content=\"Advokaadib\u00fcroo LINDEBERG\" \/>\n<meta property=\"article:publisher\" content=\"https:\/\/www.facebook.com\/LindebergLegal\/\" \/>\n<meta property=\"article:modified_time\" content=\"2021-05-05T08:58:26+00:00\" \/>\n<meta property=\"og:image\" content=\"https:\/\/lindeberg.legal\/lwp\/wp-content\/uploads\/2021\/01\/FB-thumbnail.png\" \/>\n\t<meta property=\"og:image:width\" content=\"1200\" \/>\n\t<meta property=\"og:image:height\" content=\"630\" \/>\n\t<meta property=\"og:image:type\" content=\"image\/png\" \/>\n<meta name=\"twitter:card\" content=\"summary_large_image\" \/>\n<meta name=\"twitter:label1\" content=\"\u041f\u0440\u0438\u043c\u0435\u0440\u043d\u043e\u0435 \u0432\u0440\u0435\u043c\u044f \u0434\u043b\u044f \u0447\u0442\u0435\u043d\u0438\u044f\" \/>\n\t<meta name=\"twitter:data1\" content=\"1 \u043c\u0438\u043d\u0443\u0442\u0430\" \/>\n<script type=\"application\/ld+json\" class=\"yoast-schema-graph\">{\"@context\":\"https:\/\/schema.org\",\"@graph\":[{\"@type\":\"WebPage\",\"@id\":\"https:\/\/lindeberg.legal\/ru\/advokaadiburoo-lindeberg-2\/\",\"url\":\"https:\/\/lindeberg.legal\/ru\/advokaadiburoo-lindeberg-2\/\",\"name\":\"\u00dclevaade - Advokaadib\u00fcroo LINDEBERG\",\"isPartOf\":{\"@id\":\"https:\/\/lindeberg.legal\/#website\"},\"datePublished\":\"2017-08-15T13:05:15+00:00\",\"dateModified\":\"2021-05-05T08:58:26+00:00\",\"description\":\"Advokaadib\u00fcroo LINDEBERG on klassikaline advokaadib\u00fcroo, mis pakub \u00f5igusteenuseid k\u00f5igis peamistes \u00f5iguse valdkondades.\",\"breadcrumb\":{\"@id\":\"https:\/\/lindeberg.legal\/ru\/advokaadiburoo-lindeberg-2\/#breadcrumb\"},\"inLanguage\":\"ru-RU\",\"potentialAction\":[{\"@type\":\"ReadAction\",\"target\":[\"https:\/\/lindeberg.legal\/ru\/advokaadiburoo-lindeberg-2\/\"]}]},{\"@type\":\"BreadcrumbList\",\"@id\":\"https:\/\/lindeberg.legal\/ru\/advokaadiburoo-lindeberg-2\/#breadcrumb\",\"itemListElement\":[{\"@type\":\"ListItem\",\"position\":1,\"name\":\"Home\",\"item\":\"https:\/\/lindeberg.legal\/ru\/\"},{\"@type\":\"ListItem\",\"position\":2,\"name\":\"\u00dclevaade\"}]},{\"@type\":\"WebSite\",\"@id\":\"https:\/\/lindeberg.legal\/#website\",\"url\":\"https:\/\/lindeberg.legal\/\",\"name\":\"Advokaadib\u00fcroo LINDEBERG\",\"description\":\"Pakume klientidele t\u00e4isteenust \u2013 abi k\u00f5ikide probleemide osas \u00fchest b\u00fcroost!\",\"potentialAction\":[{\"@type\":\"SearchAction\",\"target\":{\"@type\":\"EntryPoint\",\"urlTemplate\":\"https:\/\/lindeberg.legal\/?s={search_term_string}\"},\"query-input\":{\"@type\":\"PropertyValueSpecification\",\"valueRequired\":true,\"valueName\":\"search_term_string\"}}],\"inLanguage\":\"ru-RU\"}]}<\/script>\n<!-- \/ Yoast SEO plugin. -->","yoast_head_json":{"title":"\u00dclevaade - Advokaadib\u00fcroo LINDEBERG","description":"Advokaadib\u00fcroo LINDEBERG on klassikaline advokaadib\u00fcroo, mis pakub \u00f5igusteenuseid k\u00f5igis peamistes \u00f5iguse valdkondades.","robots":{"index":"index","follow":"follow","max-snippet":"max-snippet:-1","max-image-preview":"max-image-preview:large","max-video-preview":"max-video-preview:-1"},"canonical":"https:\/\/lindeberg.legal\/ru\/advokaadiburoo-lindeberg-2\/","og_locale":"ru_RU","og_type":"article","og_title":"\u00dclevaade - Advokaadib\u00fcroo LINDEBERG","og_description":"Advokaadib\u00fcroo LINDEBERG on klassikaline advokaadib\u00fcroo, mis pakub \u00f5igusteenuseid k\u00f5igis peamistes \u00f5iguse valdkondades.","og_url":"https:\/\/lindeberg.legal\/ru\/advokaadiburoo-lindeberg-2\/","og_site_name":"Advokaadib\u00fcroo LINDEBERG","article_publisher":"https:\/\/www.facebook.com\/LindebergLegal\/","article_modified_time":"2021-05-05T08:58:26+00:00","og_image":[{"width":1200,"height":630,"url":"https:\/\/lindeberg.legal\/lwp\/wp-content\/uploads\/2021\/01\/FB-thumbnail.png","type":"image\/png"}],"twitter_card":"summary_large_image","twitter_misc":{"\u041f\u0440\u0438\u043c\u0435\u0440\u043d\u043e\u0435 \u0432\u0440\u0435\u043c\u044f \u0434\u043b\u044f \u0447\u0442\u0435\u043d\u0438\u044f":"1 \u043c\u0438\u043d\u0443\u0442\u0430"},"schema":{"@context":"https:\/\/schema.org","@graph":[{"@type":"WebPage","@id":"https:\/\/lindeberg.legal\/ru\/advokaadiburoo-lindeberg-2\/","url":"https:\/\/lindeberg.legal\/ru\/advokaadiburoo-lindeberg-2\/","name":"\u00dclevaade - Advokaadib\u00fcroo LINDEBERG","isPartOf":{"@id":"https:\/\/lindeberg.legal\/#website"},"datePublished":"2017-08-15T13:05:15+00:00","dateModified":"2021-05-05T08:58:26+00:00","description":"Advokaadib\u00fcroo LINDEBERG on klassikaline advokaadib\u00fcroo, mis pakub \u00f5igusteenuseid k\u00f5igis peamistes \u00f5iguse valdkondades.","breadcrumb":{"@id":"https:\/\/lindeberg.legal\/ru\/advokaadiburoo-lindeberg-2\/#breadcrumb"},"inLanguage":"ru-RU","potentialAction":[{"@type":"ReadAction","target":["https:\/\/lindeberg.legal\/ru\/advokaadiburoo-lindeberg-2\/"]}]},{"@type":"BreadcrumbList","@id":"https:\/\/lindeberg.legal\/ru\/advokaadiburoo-lindeberg-2\/#breadcrumb","itemListElement":[{"@type":"ListItem","position":1,"name":"Home","item":"https:\/\/lindeberg.legal\/ru\/"},{"@type":"ListItem","position":2,"name":"\u00dclevaade"}]},{"@type":"WebSite","@id":"https:\/\/lindeberg.legal\/#website","url":"https:\/\/lindeberg.legal\/","name":"Advokaadib\u00fcroo LINDEBERG","description":"Pakume klientidele t\u00e4isteenust \u2013 abi k\u00f5ikide probleemide osas \u00fchest b\u00fcroost!","potentialAction":[{"@type":"SearchAction","target":{"@type":"EntryPoint","urlTemplate":"https:\/\/lindeberg.legal\/?s={search_term_string}"},"query-input":{"@type":"PropertyValueSpecification","valueRequired":true,"valueName":"search_term_string"}}],"inLanguage":"ru-RU"}]}},"_links":{"self":[{"href":"https:\/\/lindeberg.legal\/ru\/wp-json\/wp\/v2\/pages\/1372","targetHints":{"allow":["GET"]}}],"collection":[{"href":"https:\/\/lindeberg.legal\/ru\/wp-json\/wp\/v2\/pages"}],"about":[{"href":"https:\/\/lindeberg.legal\/ru\/wp-json\/wp\/v2\/types\/page"}],"author":[{"embeddable":true,"href":"https:\/\/lindeberg.legal\/ru\/wp-json\/wp\/v2\/users\/2"}],"replies":[{"embeddable":true,"href":"https:\/\/lindeberg.legal\/ru\/wp-json\/wp\/v2\/comments?post=1372"}],"version-history":[{"count":3,"href":"https:\/\/lindeberg.legal\/ru\/wp-json\/wp\/v2\/pages\/1372\/revisions"}],"predecessor-version":[{"id":2659,"href":"https:\/\/lindeberg.legal\/ru\/wp-json\/wp\/v2\/pages\/1372\/revisions\/2659"}],"wp:attachment":[{"href":"https:\/\/lindeberg.legal\/ru\/wp-json\/wp\/v2\/media?parent=1372"}],"curies":[{"name":"wp","href":"https:\/\/api.w.org\/{rel}","templated":true}]}}