{"id":3248,"date":"2021-10-12T21:46:14","date_gmt":"2021-10-12T21:46:14","guid":{"rendered":"https:\/\/lindeberg.legal\/?page_id=3248"},"modified":"2021-10-13T09:01:08","modified_gmt":"2021-10-13T09:01:08","slug":"people","status":"publish","type":"page","link":"https:\/\/lindeberg.legal\/en\/people\/","title":{"rendered":"People"},"content":{"rendered":"<p>[vc_row][vc_column][vc_custom_heading text=&#8221;Team&#8221; use_theme_fonts=&#8221;yes&#8221;][\/vc_column][\/vc_row][vc_row][vc_column]<div class=\"porto-members porto-members08bba35ac612669e8be89825f039bb2e wpb_content_element \">\n\t<div class=\"page-members clearfix \">\n\n\t\t\n\t\t\n\t\t\t\t\t<div class=\"member-row row ccols-sm-2 ccols-md-3 ccols-xl-4 ccols-1\">\n\t\t\t\n\t\t<article class=\"member post-2838 type-member status-publish has-post-thumbnail hentry\">\n\t\t\t\t\t\t<div class=\"member-item  align-center member-item-2\">\n\t\t\t\t<span class=\"thumb-info thumb-info-centered-info\">\n\n\t\t\t\t\t<span class=\"thumb-info-wrapper \">\n\t\t\t\t\t\t\t\t\t\t\t\t<span class=\"thumb-member-container \">\n\t\t\t\t\t\t\t<a class=\"text-decoration-none member-image\" href=\"https:\/\/lindeberg.legal\/en\/inimesed\/keijo-lindeberg\/\">\n\t\t\t\t\t\t\t<img fetchpriority=\"high\" decoding=\"async\" class=\"img-responsive\" width=\"367\" height=\"367\" src=\"https:\/\/lindeberg.legal\/lwp\/wp-content\/uploads\/2017\/08\/Keijo-Lindeberg-Advokaadiburoo-LINDEBERG-367x367.jpg\" alt=\"\" \/>\n\t\t\t\t\t\t\t<\/a>\n\n\t\t\t\t\t\t\t\t\t\t\t\t\t<\/span>\n\t\t\t\t\t\t<a class=\"text-decoration-none member-info-container\" href=\"https:\/\/lindeberg.legal\/en\/inimesed\/keijo-lindeberg\/\">\n\t\t\t\t\t\t\t\t\t\t\t\t\t\t<span class=\"thumb-info-title\">\n\t\t\t\t\t\t\t\t<span class=\"thumb-info-inner\">Profiil<\/span>\n\t\t\t\t\t\t\t<\/span>\n\t\t\t\t\t\t\t\t\t\t\t\t\t\t\t\t\t\t\t<\/a>\n\t\t\t\t\t<\/span>\n\t\t\t\t\t<!--Thumb info wrapper end-->\n\t\t\t\t\t<!--Thumb info container -->\n\t\t\t\t\t<span class=\"thumb-info-container\"> \n\t\t\t\t\t\t<a class=\"text-decoration-none member-info-container\" href=\"https:\/\/lindeberg.legal\/en\/inimesed\/keijo-lindeberg\/\">\n\t\t\t\t\t\t\t\t\t\t\t\t\t\t<h4 class=\"m-t-md m-b-none\">Keijo Lindeberg<\/h4>\n\t\t\t\t\t\t\t\t\t\t\t\t\t\t\t\t<p class=\"m-b-sm color-body\">Managing partner \/ attorney-at-law<\/p>\n\t\t\t\t\t\t\t\t\t\t\t\t\t\t\t\t\t\t\t\t\t\t\t\t\t\t<\/a>\n\n\t\t\t\t\t\t\t\t\t\t\t\t\t\t\t\t\t<\/span>\n\t\t\t\t<\/span>\n\t\t\t<\/div>\n\t\t<\/article>\n\t\t\n\t\t<article class=\"member post-2839 type-member status-publish has-post-thumbnail hentry\">\n\t\t\t\t\t\t<div class=\"member-item  align-center member-item-2\">\n\t\t\t\t<span class=\"thumb-info thumb-info-centered-info\">\n\n\t\t\t\t\t<span class=\"thumb-info-wrapper \">\n\t\t\t\t\t\t\t\t\t\t\t\t<span class=\"thumb-member-container \">\n\t\t\t\t\t\t\t<a class=\"text-decoration-none member-image\" href=\"https:\/\/lindeberg.legal\/en\/inimesed\/aldo-vassar\/\">\n\t\t\t\t\t\t\t<img decoding=\"async\" class=\"img-responsive\" width=\"367\" height=\"367\" src=\"https:\/\/lindeberg.legal\/lwp\/wp-content\/uploads\/2017\/01\/Aldo-Vassar-Advokaadiburoo-LINDEBERG-1-367x367.png\" alt=\"\" \/>\n\t\t\t\t\t\t\t<\/a>\n\n\t\t\t\t\t\t\t\t\t\t\t\t\t<\/span>\n\t\t\t\t\t\t<a class=\"text-decoration-none member-info-container\" href=\"https:\/\/lindeberg.legal\/en\/inimesed\/aldo-vassar\/\">\n\t\t\t\t\t\t\t\t\t\t\t\t\t\t<span class=\"thumb-info-title\">\n\t\t\t\t\t\t\t\t<span class=\"thumb-info-inner\">Profiil<\/span>\n\t\t\t\t\t\t\t<\/span>\n\t\t\t\t\t\t\t\t\t\t\t\t\t\t\t\t\t\t\t<\/a>\n\t\t\t\t\t<\/span>\n\t\t\t\t\t<!--Thumb info wrapper end-->\n\t\t\t\t\t<!--Thumb info container -->\n\t\t\t\t\t<span class=\"thumb-info-container\"> \n\t\t\t\t\t\t<a class=\"text-decoration-none member-info-container\" href=\"https:\/\/lindeberg.legal\/en\/inimesed\/aldo-vassar\/\">\n\t\t\t\t\t\t\t\t\t\t\t\t\t\t<h4 class=\"m-t-md m-b-none\">Aldo Vassar<\/h4>\n\t\t\t\t\t\t\t\t\t\t\t\t\t\t\t\t<p class=\"m-b-sm color-body\">Partner \/ Attorney-at-law<\/p>\n\t\t\t\t\t\t\t\t\t\t\t\t\t\t\t\t\t\t\t\t\t\t\t\t\t\t<\/a>\n\n\t\t\t\t\t\t\t\t\t\t\t\t\t\t\t\t\t<\/span>\n\t\t\t\t<\/span>\n\t\t\t<\/div>\n\t\t<\/article>\n\t\t\n\t\t<article class=\"member post-2899 type-member status-publish has-post-thumbnail hentry\">\n\t\t\t\t\t\t<div class=\"member-item  align-center member-item-2\">\n\t\t\t\t<span class=\"thumb-info thumb-info-centered-info\">\n\n\t\t\t\t\t<span class=\"thumb-info-wrapper \">\n\t\t\t\t\t\t\t\t\t\t\t\t<span class=\"thumb-member-container \">\n\t\t\t\t\t\t\t<a class=\"text-decoration-none member-image\" href=\"https:\/\/lindeberg.legal\/en\/inimesed\/karin-ploom\/\">\n\t\t\t\t\t\t\t<img decoding=\"async\" class=\"img-responsive\" width=\"367\" height=\"367\" src=\"https:\/\/lindeberg.legal\/lwp\/wp-content\/uploads\/2016\/03\/Karin-367x367.jpg\" alt=\"\" \/>\n\t\t\t\t\t\t\t<\/a>\n\n\t\t\t\t\t\t\t\t\t\t\t\t\t<\/span>\n\t\t\t\t\t\t<a class=\"text-decoration-none member-info-container\" href=\"https:\/\/lindeberg.legal\/en\/inimesed\/karin-ploom\/\">\n\t\t\t\t\t\t\t\t\t\t\t\t\t\t<span class=\"thumb-info-title\">\n\t\t\t\t\t\t\t\t<span class=\"thumb-info-inner\">Profiil<\/span>\n\t\t\t\t\t\t\t<\/span>\n\t\t\t\t\t\t\t\t\t\t\t\t\t\t\t\t\t\t\t<\/a>\n\t\t\t\t\t<\/span>\n\t\t\t\t\t<!--Thumb info wrapper end-->\n\t\t\t\t\t<!--Thumb info container -->\n\t\t\t\t\t<span class=\"thumb-info-container\"> \n\t\t\t\t\t\t<a class=\"text-decoration-none member-info-container\" href=\"https:\/\/lindeberg.legal\/en\/inimesed\/karin-ploom\/\">\n\t\t\t\t\t\t\t\t\t\t\t\t\t\t<h4 class=\"m-t-md m-b-none\">Karin Ploom<\/h4>\n\t\t\t\t\t\t\t\t\t\t\t\t\t\t\t\t<p class=\"m-b-sm color-body\">Attorney-at-law<\/p>\n\t\t\t\t\t\t\t\t\t\t\t\t\t\t\t\t\t\t\t\t\t\t\t\t\t\t<\/a>\n\n\t\t\t\t\t\t\t\t\t\t\t\t\t\t\t\t\t<\/span>\n\t\t\t\t<\/span>\n\t\t\t<\/div>\n\t\t<\/article>\n\t\t\n\t\t<article class=\"member post-3641 type-member status-publish has-post-thumbnail hentry\">\n\t\t\t\t\t\t<div class=\"member-item  align-center member-item-2\">\n\t\t\t\t<span class=\"thumb-info thumb-info-centered-info\">\n\n\t\t\t\t\t<span class=\"thumb-info-wrapper \">\n\t\t\t\t\t\t\t\t\t\t\t\t<span class=\"thumb-member-container \">\n\t\t\t\t\t\t\t<a class=\"text-decoration-none member-image\" href=\"https:\/\/lindeberg.legal\/en\/inimesed\/kristina-ivanova\/\">\n\t\t\t\t\t\t\t<img loading=\"lazy\" decoding=\"async\" class=\"img-responsive\" width=\"367\" height=\"367\" src=\"https:\/\/lindeberg.legal\/lwp\/wp-content\/uploads\/2012\/01\/Kristina-Ivanova-Advokaadiburoo-LINDEBERG-367x367.jpg\" alt=\"\" \/>\n\t\t\t\t\t\t\t<\/a>\n\n\t\t\t\t\t\t\t\t\t\t\t\t\t<\/span>\n\t\t\t\t\t\t<a class=\"text-decoration-none member-info-container\" href=\"https:\/\/lindeberg.legal\/en\/inimesed\/kristina-ivanova\/\">\n\t\t\t\t\t\t\t\t\t\t\t\t\t\t<span class=\"thumb-info-title\">\n\t\t\t\t\t\t\t\t<span class=\"thumb-info-inner\">Profiil<\/span>\n\t\t\t\t\t\t\t<\/span>\n\t\t\t\t\t\t\t\t\t\t\t\t\t\t\t\t\t\t\t<\/a>\n\t\t\t\t\t<\/span>\n\t\t\t\t\t<!--Thumb info wrapper end-->\n\t\t\t\t\t<!--Thumb info container -->\n\t\t\t\t\t<span class=\"thumb-info-container\"> \n\t\t\t\t\t\t<a class=\"text-decoration-none member-info-container\" href=\"https:\/\/lindeberg.legal\/en\/inimesed\/kristina-ivanova\/\">\n\t\t\t\t\t\t\t\t\t\t\t\t\t\t<h4 class=\"m-t-md m-b-none\">Kristina Ivanova<\/h4>\n\t\t\t\t\t\t\t\t\t\t\t\t\t\t\t\t<p class=\"m-b-sm color-body\">Attorney<\/p>\n\t\t\t\t\t\t\t\t\t\t\t\t\t\t\t\t\t\t\t\t\t\t\t\t\t\t<\/a>\n\n\t\t\t\t\t\t\t\t\t\t\t\t\t\t\t\t\t<\/span>\n\t\t\t\t<\/span>\n\t\t\t<\/div>\n\t\t<\/article>\n\t\t\n\t\t<article class=\"member post-2909 type-member status-publish has-post-thumbnail hentry\">\n\t\t\t\t\t\t<div class=\"member-item  align-center member-item-2\">\n\t\t\t\t<span class=\"thumb-info thumb-info-centered-info\">\n\n\t\t\t\t\t<span class=\"thumb-info-wrapper \">\n\t\t\t\t\t\t\t\t\t\t\t\t<span class=\"thumb-member-container \">\n\t\t\t\t\t\t\t<a class=\"text-decoration-none member-image\" href=\"https:\/\/lindeberg.legal\/en\/inimesed\/lauri-talumae\/\">\n\t\t\t\t\t\t\t<img loading=\"lazy\" decoding=\"async\" class=\"img-responsive\" width=\"367\" height=\"367\" src=\"https:\/\/lindeberg.legal\/lwp\/wp-content\/uploads\/2009\/12\/Lauri-Talumae-Advokaadiburoo-LINDEBERG-367x367.png\" alt=\"\" \/>\n\t\t\t\t\t\t\t<\/a>\n\n\t\t\t\t\t\t\t\t\t\t\t\t\t<\/span>\n\t\t\t\t\t\t<a class=\"text-decoration-none member-info-container\" href=\"https:\/\/lindeberg.legal\/en\/inimesed\/lauri-talumae\/\">\n\t\t\t\t\t\t\t\t\t\t\t\t\t\t<span class=\"thumb-info-title\">\n\t\t\t\t\t\t\t\t<span class=\"thumb-info-inner\">Profiil<\/span>\n\t\t\t\t\t\t\t<\/span>\n\t\t\t\t\t\t\t\t\t\t\t\t\t\t\t\t\t\t\t<\/a>\n\t\t\t\t\t<\/span>\n\t\t\t\t\t<!--Thumb info wrapper end-->\n\t\t\t\t\t<!--Thumb info container -->\n\t\t\t\t\t<span class=\"thumb-info-container\"> \n\t\t\t\t\t\t<a class=\"text-decoration-none member-info-container\" href=\"https:\/\/lindeberg.legal\/en\/inimesed\/lauri-talumae\/\">\n\t\t\t\t\t\t\t\t\t\t\t\t\t\t<h4 class=\"m-t-md m-b-none\">Lauri Talum\u00e4e<\/h4>\n\t\t\t\t\t\t\t\t\t\t\t\t\t\t\t\t<p class=\"m-b-sm color-body\">Attorney<\/p>\n\t\t\t\t\t\t\t\t\t\t\t\t\t\t\t\t\t\t\t\t\t\t\t\t\t\t<\/a>\n\n\t\t\t\t\t\t\t\t\t\t\t\t\t\t\t\t\t<\/span>\n\t\t\t\t<\/span>\n\t\t\t<\/div>\n\t\t<\/article>\n\t\t\n\t\t<article class=\"member post-4052 type-member status-publish has-post-thumbnail hentry\">\n\t\t\t\t\t\t<div class=\"member-item  align-center member-item-2\">\n\t\t\t\t<span class=\"thumb-info thumb-info-centered-info\">\n\n\t\t\t\t\t<span class=\"thumb-info-wrapper \">\n\t\t\t\t\t\t\t\t\t\t\t\t<span class=\"thumb-member-container \">\n\t\t\t\t\t\t\t<a class=\"text-decoration-none member-image\" href=\"https:\/\/lindeberg.legal\/en\/inimesed\/merili-laansoo\/\">\n\t\t\t\t\t\t\t<img loading=\"lazy\" decoding=\"async\" class=\"img-responsive\" width=\"367\" height=\"367\" src=\"https:\/\/lindeberg.legal\/lwp\/wp-content\/uploads\/2022\/03\/Merili-Laansoo-Advokaadiburoo-LINDEBERG-367x367.jpg\" alt=\"\" \/>\n\t\t\t\t\t\t\t<\/a>\n\n\t\t\t\t\t\t\t\t\t\t\t\t\t<\/span>\n\t\t\t\t\t\t<a class=\"text-decoration-none member-info-container\" href=\"https:\/\/lindeberg.legal\/en\/inimesed\/merili-laansoo\/\">\n\t\t\t\t\t\t\t\t\t\t\t\t\t\t<span class=\"thumb-info-title\">\n\t\t\t\t\t\t\t\t<span class=\"thumb-info-inner\">Profiil<\/span>\n\t\t\t\t\t\t\t<\/span>\n\t\t\t\t\t\t\t\t\t\t\t\t\t\t\t\t\t\t\t<\/a>\n\t\t\t\t\t<\/span>\n\t\t\t\t\t<!--Thumb info wrapper end-->\n\t\t\t\t\t<!--Thumb info container -->\n\t\t\t\t\t<span class=\"thumb-info-container\"> \n\t\t\t\t\t\t<a class=\"text-decoration-none member-info-container\" href=\"https:\/\/lindeberg.legal\/en\/inimesed\/merili-laansoo\/\">\n\t\t\t\t\t\t\t\t\t\t\t\t\t\t<h4 class=\"m-t-md m-b-none\">Merili Laansoo<\/h4>\n\t\t\t\t\t\t\t\t\t\t\t\t\t\t\t\t<p class=\"m-b-sm color-body\">Attorney<\/p>\n\t\t\t\t\t\t\t\t\t\t\t\t\t\t\t\t\t\t\t\t\t\t\t\t\t\t<\/a>\n\n\t\t\t\t\t\t\t\t\t\t\t\t\t\t\t\t\t<\/span>\n\t\t\t\t<\/span>\n\t\t\t<\/div>\n\t\t<\/article>\n\t\t\n\t\t<article class=\"member post-4931 type-member status-publish has-post-thumbnail hentry\">\n\t\t\t\t\t\t<div class=\"member-item  align-center member-item-2\">\n\t\t\t\t<span class=\"thumb-info thumb-info-centered-info\">\n\n\t\t\t\t\t<span class=\"thumb-info-wrapper \">\n\t\t\t\t\t\t\t\t\t\t\t\t<span class=\"thumb-member-container \">\n\t\t\t\t\t\t\t<a class=\"text-decoration-none member-image\" href=\"https:\/\/lindeberg.legal\/en\/inimesed\/elizabet-blumberg\/\">\n\t\t\t\t\t\t\t<img loading=\"lazy\" decoding=\"async\" class=\"img-responsive\" width=\"270\" height=\"270\" src=\"https:\/\/lindeberg.legal\/lwp\/wp-content\/uploads\/2020\/09\/Fotota.png\" alt=\"\" \/>\n\t\t\t\t\t\t\t<\/a>\n\n\t\t\t\t\t\t\t\t\t\t\t\t\t<\/span>\n\t\t\t\t\t\t<a class=\"text-decoration-none member-info-container\" href=\"https:\/\/lindeberg.legal\/en\/inimesed\/elizabet-blumberg\/\">\n\t\t\t\t\t\t\t\t\t\t\t\t\t\t<span class=\"thumb-info-title\">\n\t\t\t\t\t\t\t\t<span class=\"thumb-info-inner\">Profiil<\/span>\n\t\t\t\t\t\t\t<\/span>\n\t\t\t\t\t\t\t\t\t\t\t\t\t\t\t\t\t\t\t<\/a>\n\t\t\t\t\t<\/span>\n\t\t\t\t\t<!--Thumb info wrapper end-->\n\t\t\t\t\t<!--Thumb info container -->\n\t\t\t\t\t<span class=\"thumb-info-container\"> \n\t\t\t\t\t\t<a class=\"text-decoration-none member-info-container\" href=\"https:\/\/lindeberg.legal\/en\/inimesed\/elizabet-blumberg\/\">\n\t\t\t\t\t\t\t\t\t\t\t\t\t\t<h4 class=\"m-t-md m-b-none\">Elizabet Blumberg<\/h4>\n\t\t\t\t\t\t\t\t\t\t\t\t\t\t\t\t<p class=\"m-b-sm color-body\">Lawyer<\/p>\n\t\t\t\t\t\t\t\t\t\t\t\t\t\t\t\t\t\t\t\t\t\t\t\t\t\t<\/a>\n\n\t\t\t\t\t\t\t\t\t\t\t\t\t\t\t\t\t<\/span>\n\t\t\t\t<\/span>\n\t\t\t<\/div>\n\t\t<\/article>\n\t\t\n\t\t<article class=\"member post-4929 type-member status-publish has-post-thumbnail hentry\">\n\t\t\t\t\t\t<div class=\"member-item  align-center member-item-2\">\n\t\t\t\t<span class=\"thumb-info thumb-info-centered-info\">\n\n\t\t\t\t\t<span class=\"thumb-info-wrapper \">\n\t\t\t\t\t\t\t\t\t\t\t\t<span class=\"thumb-member-container \">\n\t\t\t\t\t\t\t<a class=\"text-decoration-none member-image\" href=\"https:\/\/lindeberg.legal\/en\/inimesed\/mathias-harujoe\/\">\n\t\t\t\t\t\t\t<img loading=\"lazy\" decoding=\"async\" class=\"img-responsive\" width=\"270\" height=\"270\" src=\"https:\/\/lindeberg.legal\/lwp\/wp-content\/uploads\/2020\/09\/Fotota.png\" alt=\"\" \/>\n\t\t\t\t\t\t\t<\/a>\n\n\t\t\t\t\t\t\t\t\t\t\t\t\t<\/span>\n\t\t\t\t\t\t<a class=\"text-decoration-none member-info-container\" href=\"https:\/\/lindeberg.legal\/en\/inimesed\/mathias-harujoe\/\">\n\t\t\t\t\t\t\t\t\t\t\t\t\t\t<span class=\"thumb-info-title\">\n\t\t\t\t\t\t\t\t<span class=\"thumb-info-inner\">Profiil<\/span>\n\t\t\t\t\t\t\t<\/span>\n\t\t\t\t\t\t\t\t\t\t\t\t\t\t\t\t\t\t\t<\/a>\n\t\t\t\t\t<\/span>\n\t\t\t\t\t<!--Thumb info wrapper end-->\n\t\t\t\t\t<!--Thumb info container -->\n\t\t\t\t\t<span class=\"thumb-info-container\"> \n\t\t\t\t\t\t<a class=\"text-decoration-none member-info-container\" href=\"https:\/\/lindeberg.legal\/en\/inimesed\/mathias-harujoe\/\">\n\t\t\t\t\t\t\t\t\t\t\t\t\t\t<h4 class=\"m-t-md m-b-none\">Mathias Haruj\u00f5e<\/h4>\n\t\t\t\t\t\t\t\t\t\t\t\t\t\t\t\t<p class=\"m-b-sm color-body\">Lawyer<\/p>\n\t\t\t\t\t\t\t\t\t\t\t\t\t\t\t\t\t\t\t\t\t\t\t\t\t\t<\/a>\n\n\t\t\t\t\t\t\t\t\t\t\t\t\t\t\t\t\t<\/span>\n\t\t\t\t<\/span>\n\t\t\t<\/div>\n\t\t<\/article>\n\t\t\n\t\t<article class=\"member post-2951 type-member status-publish has-post-thumbnail hentry\">\n\t\t\t\t\t\t<div class=\"member-item  align-center member-item-2\">\n\t\t\t\t<span class=\"thumb-info thumb-info-centered-info\">\n\n\t\t\t\t\t<span class=\"thumb-info-wrapper \">\n\t\t\t\t\t\t\t\t\t\t\t\t<span class=\"thumb-member-container \">\n\t\t\t\t\t\t\t<a class=\"text-decoration-none member-image\" href=\"https:\/\/lindeberg.legal\/en\/inimesed\/ahti-olesk\/\">\n\t\t\t\t\t\t\t<img loading=\"lazy\" decoding=\"async\" class=\"img-responsive\" width=\"367\" height=\"367\" src=\"https:\/\/lindeberg.legal\/lwp\/wp-content\/uploads\/2000\/08\/Ahti-367x367.jpg\" alt=\"\" \/>\n\t\t\t\t\t\t\t<\/a>\n\n\t\t\t\t\t\t\t\t\t\t\t\t\t<\/span>\n\t\t\t\t\t\t<a class=\"text-decoration-none member-info-container\" href=\"https:\/\/lindeberg.legal\/en\/inimesed\/ahti-olesk\/\">\n\t\t\t\t\t\t\t\t\t\t\t\t\t\t<span class=\"thumb-info-title\">\n\t\t\t\t\t\t\t\t<span class=\"thumb-info-inner\">Profiil<\/span>\n\t\t\t\t\t\t\t<\/span>\n\t\t\t\t\t\t\t\t\t\t\t\t\t\t\t\t\t\t\t<\/a>\n\t\t\t\t\t<\/span>\n\t\t\t\t\t<!--Thumb info wrapper end-->\n\t\t\t\t\t<!--Thumb info container -->\n\t\t\t\t\t<span class=\"thumb-info-container\"> \n\t\t\t\t\t\t<a class=\"text-decoration-none member-info-container\" href=\"https:\/\/lindeberg.legal\/en\/inimesed\/ahti-olesk\/\">\n\t\t\t\t\t\t\t\t\t\t\t\t\t\t<h4 class=\"m-t-md m-b-none\">Ahti Olesk<\/h4>\n\t\t\t\t\t\t\t\t\t\t\t\t\t\t\t\t<p class=\"m-b-sm color-body\">Adviser<\/p>\n\t\t\t\t\t\t\t\t\t\t\t\t\t\t\t\t\t\t\t\t\t\t\t\t\t\t<\/a>\n\n\t\t\t\t\t\t\t\t\t\t\t\t\t\t\t\t\t<\/span>\n\t\t\t\t<\/span>\n\t\t\t<\/div>\n\t\t<\/article>\n\t\t\n\t\t<article class=\"member post-2989 type-member status-publish has-post-thumbnail hentry\">\n\t\t\t\t\t\t<div class=\"member-item  align-center member-item-2\">\n\t\t\t\t<span class=\"thumb-info thumb-info-centered-info\">\n\n\t\t\t\t\t<span class=\"thumb-info-wrapper \">\n\t\t\t\t\t\t\t\t\t\t\t\t<span class=\"thumb-member-container \">\n\t\t\t\t\t\t\t<a class=\"text-decoration-none member-image\" href=\"https:\/\/lindeberg.legal\/en\/inimesed\/anneli-uus\/\">\n\t\t\t\t\t\t\t<img loading=\"lazy\" decoding=\"async\" class=\"img-responsive\" width=\"367\" height=\"367\" src=\"https:\/\/lindeberg.legal\/lwp\/wp-content\/uploads\/1995\/09\/Anneli-367x367.jpg\" alt=\"\" \/>\n\t\t\t\t\t\t\t<\/a>\n\n\t\t\t\t\t\t\t\t\t\t\t\t\t<\/span>\n\t\t\t\t\t\t<a class=\"text-decoration-none member-info-container\" href=\"https:\/\/lindeberg.legal\/en\/inimesed\/anneli-uus\/\">\n\t\t\t\t\t\t\t\t\t\t\t\t\t\t<span class=\"thumb-info-title\">\n\t\t\t\t\t\t\t\t<span class=\"thumb-info-inner\">Profiil<\/span>\n\t\t\t\t\t\t\t<\/span>\n\t\t\t\t\t\t\t\t\t\t\t\t\t\t\t\t\t\t\t<\/a>\n\t\t\t\t\t<\/span>\n\t\t\t\t\t<!--Thumb info wrapper end-->\n\t\t\t\t\t<!--Thumb info container -->\n\t\t\t\t\t<span class=\"thumb-info-container\"> \n\t\t\t\t\t\t<a class=\"text-decoration-none member-info-container\" href=\"https:\/\/lindeberg.legal\/en\/inimesed\/anneli-uus\/\">\n\t\t\t\t\t\t\t\t\t\t\t\t\t\t<h4 class=\"m-t-md m-b-none\">Anneli Uus<\/h4>\n\t\t\t\t\t\t\t\t\t\t\t\t\t\t\t\t<p class=\"m-b-sm color-body\">Office Manager<\/p>\n\t\t\t\t\t\t\t\t\t\t\t\t\t\t\t\t\t\t\t\t\t\t\t\t\t\t<\/a>\n\n\t\t\t\t\t\t\t\t\t\t\t\t\t\t\t\t\t<\/span>\n\t\t\t\t<\/span>\n\t\t\t<\/div>\n\t\t<\/article>\n\t\t\n\t\t<article class=\"member post-2990 type-member status-publish has-post-thumbnail hentry\">\n\t\t\t\t\t\t<div class=\"member-item  align-center member-item-2\">\n\t\t\t\t<span class=\"thumb-info thumb-info-centered-info\">\n\n\t\t\t\t\t<span class=\"thumb-info-wrapper \">\n\t\t\t\t\t\t\t\t\t\t\t\t<span class=\"thumb-member-container \">\n\t\t\t\t\t\t\t<a class=\"text-decoration-none member-image\" href=\"https:\/\/lindeberg.legal\/en\/inimesed\/maarja-liisa-martis-lindeberg\/\">\n\t\t\t\t\t\t\t<img loading=\"lazy\" decoding=\"async\" class=\"img-responsive\" width=\"367\" height=\"367\" src=\"https:\/\/lindeberg.legal\/lwp\/wp-content\/uploads\/1990\/08\/Maarja-Liisa-367x367.jpg\" alt=\"\" \/>\n\t\t\t\t\t\t\t<\/a>\n\n\t\t\t\t\t\t\t\t\t\t\t\t\t<\/span>\n\t\t\t\t\t\t<a class=\"text-decoration-none member-info-container\" href=\"https:\/\/lindeberg.legal\/en\/inimesed\/maarja-liisa-martis-lindeberg\/\">\n\t\t\t\t\t\t\t\t\t\t\t\t\t\t<span class=\"thumb-info-title\">\n\t\t\t\t\t\t\t\t<span class=\"thumb-info-inner\">Profiil<\/span>\n\t\t\t\t\t\t\t<\/span>\n\t\t\t\t\t\t\t\t\t\t\t\t\t\t\t\t\t\t\t<\/a>\n\t\t\t\t\t<\/span>\n\t\t\t\t\t<!--Thumb info wrapper end-->\n\t\t\t\t\t<!--Thumb info container -->\n\t\t\t\t\t<span class=\"thumb-info-container\"> \n\t\t\t\t\t\t<a class=\"text-decoration-none member-info-container\" href=\"https:\/\/lindeberg.legal\/en\/inimesed\/maarja-liisa-martis-lindeberg\/\">\n\t\t\t\t\t\t\t\t\t\t\t\t\t\t<h4 class=\"m-t-md m-b-none\">Maarja-Liisa Martis-Lindeberg<\/h4>\n\t\t\t\t\t\t\t\t\t\t\t\t\t\t\t\t<p class=\"m-b-sm color-body\">HR Manager<\/p>\n\t\t\t\t\t\t\t\t\t\t\t\t\t\t\t\t\t\t\t\t\t\t\t\t\t\t<\/a>\n\n\t\t\t\t\t\t\t\t\t\t\t\t\t\t\t\t\t<\/span>\n\t\t\t\t<\/span>\n\t\t\t<\/div>\n\t\t<\/article>\n\t\t\t\t\t<\/div>\n\t\t\n\t\t\n\t<\/div>\n\n\t\n\t<\/div>[\/vc_column][\/vc_row]<\/p>\n","protected":false},"excerpt":{"rendered":"<p>[vc_row][vc_column][vc_custom_heading text=&#8221;Team&#8221; use_theme_fonts=&#8221;yes&#8221;][\/vc_column][\/vc_row][vc_row][vc_column][\/vc_column][\/vc_row]<\/p>\n","protected":false},"author":2,"featured_media":0,"parent":0,"menu_order":0,"comment_status":"closed","ping_status":"closed","template":"","meta":{"footnotes":""},"class_list":["post-3248","page","type-page","status-publish","hentry"],"yoast_head":"<!-- This site is optimized with the Yoast SEO plugin v26.5 - https:\/\/yoast.com\/wordpress\/plugins\/seo\/ -->\n<title>People - Advokaadib\u00fcroo LINDEBERG<\/title>\n<meta name=\"robots\" content=\"index, follow, max-snippet:-1, max-image-preview:large, max-video-preview:-1\" \/>\n<link rel=\"canonical\" href=\"https:\/\/lindeberg.legal\/en\/people\/\" \/>\n<meta property=\"og:locale\" content=\"en_US\" \/>\n<meta property=\"og:type\" content=\"article\" \/>\n<meta property=\"og:title\" content=\"People - Advokaadib\u00fcroo LINDEBERG\" \/>\n<meta property=\"og:description\" content=\"[vc_row][vc_column][vc_custom_heading text=&#8221;Team&#8221; use_theme_fonts=&#8221;yes&#8221;][\/vc_column][\/vc_row][vc_row][vc_column][\/vc_column][\/vc_row]\" \/>\n<meta property=\"og:url\" content=\"https:\/\/lindeberg.legal\/en\/people\/\" \/>\n<meta property=\"og:site_name\" content=\"Advokaadib\u00fcroo LINDEBERG\" \/>\n<meta property=\"article:publisher\" content=\"https:\/\/www.facebook.com\/LindebergLegal\/\" \/>\n<meta property=\"article:modified_time\" content=\"2021-10-13T09:01:08+00:00\" \/>\n<meta property=\"og:image\" content=\"https:\/\/lindeberg.legal\/lwp\/wp-content\/uploads\/2021\/01\/FB-thumbnail.png\" \/>\n\t<meta property=\"og:image:width\" content=\"1200\" \/>\n\t<meta property=\"og:image:height\" content=\"630\" \/>\n\t<meta property=\"og:image:type\" content=\"image\/png\" \/>\n<meta name=\"twitter:card\" content=\"summary_large_image\" \/>\n<meta name=\"twitter:label1\" content=\"Est. reading time\" \/>\n\t<meta name=\"twitter:data1\" content=\"1 minute\" \/>\n<script type=\"application\/ld+json\" class=\"yoast-schema-graph\">{\"@context\":\"https:\/\/schema.org\",\"@graph\":[{\"@type\":\"WebPage\",\"@id\":\"https:\/\/lindeberg.legal\/en\/people\/\",\"url\":\"https:\/\/lindeberg.legal\/en\/people\/\",\"name\":\"People - Advokaadib\u00fcroo LINDEBERG\",\"isPartOf\":{\"@id\":\"https:\/\/lindeberg.legal\/#website\"},\"datePublished\":\"2021-10-12T21:46:14+00:00\",\"dateModified\":\"2021-10-13T09:01:08+00:00\",\"breadcrumb\":{\"@id\":\"https:\/\/lindeberg.legal\/en\/people\/#breadcrumb\"},\"inLanguage\":\"en-US\",\"potentialAction\":[{\"@type\":\"ReadAction\",\"target\":[\"https:\/\/lindeberg.legal\/en\/people\/\"]}]},{\"@type\":\"BreadcrumbList\",\"@id\":\"https:\/\/lindeberg.legal\/en\/people\/#breadcrumb\",\"itemListElement\":[{\"@type\":\"ListItem\",\"position\":1,\"name\":\"Home\",\"item\":\"https:\/\/lindeberg.legal\/en\/\"},{\"@type\":\"ListItem\",\"position\":2,\"name\":\"People\"}]},{\"@type\":\"WebSite\",\"@id\":\"https:\/\/lindeberg.legal\/#website\",\"url\":\"https:\/\/lindeberg.legal\/\",\"name\":\"Advokaadib\u00fcroo LINDEBERG\",\"description\":\"Pakume klientidele t\u00e4isteenust \u2013 abi k\u00f5ikide probleemide osas \u00fchest b\u00fcroost!\",\"potentialAction\":[{\"@type\":\"SearchAction\",\"target\":{\"@type\":\"EntryPoint\",\"urlTemplate\":\"https:\/\/lindeberg.legal\/?s={search_term_string}\"},\"query-input\":{\"@type\":\"PropertyValueSpecification\",\"valueRequired\":true,\"valueName\":\"search_term_string\"}}],\"inLanguage\":\"en-US\"}]}<\/script>\n<!-- \/ Yoast SEO plugin. -->","yoast_head_json":{"title":"People - Advokaadib\u00fcroo LINDEBERG","robots":{"index":"index","follow":"follow","max-snippet":"max-snippet:-1","max-image-preview":"max-image-preview:large","max-video-preview":"max-video-preview:-1"},"canonical":"https:\/\/lindeberg.legal\/en\/people\/","og_locale":"en_US","og_type":"article","og_title":"People - Advokaadib\u00fcroo LINDEBERG","og_description":"[vc_row][vc_column][vc_custom_heading text=&#8221;Team&#8221; use_theme_fonts=&#8221;yes&#8221;][\/vc_column][\/vc_row][vc_row][vc_column][\/vc_column][\/vc_row]","og_url":"https:\/\/lindeberg.legal\/en\/people\/","og_site_name":"Advokaadib\u00fcroo LINDEBERG","article_publisher":"https:\/\/www.facebook.com\/LindebergLegal\/","article_modified_time":"2021-10-13T09:01:08+00:00","og_image":[{"width":1200,"height":630,"url":"https:\/\/lindeberg.legal\/lwp\/wp-content\/uploads\/2021\/01\/FB-thumbnail.png","type":"image\/png"}],"twitter_card":"summary_large_image","twitter_misc":{"Est. reading time":"1 minute"},"schema":{"@context":"https:\/\/schema.org","@graph":[{"@type":"WebPage","@id":"https:\/\/lindeberg.legal\/en\/people\/","url":"https:\/\/lindeberg.legal\/en\/people\/","name":"People - Advokaadib\u00fcroo LINDEBERG","isPartOf":{"@id":"https:\/\/lindeberg.legal\/#website"},"datePublished":"2021-10-12T21:46:14+00:00","dateModified":"2021-10-13T09:01:08+00:00","breadcrumb":{"@id":"https:\/\/lindeberg.legal\/en\/people\/#breadcrumb"},"inLanguage":"en-US","potentialAction":[{"@type":"ReadAction","target":["https:\/\/lindeberg.legal\/en\/people\/"]}]},{"@type":"BreadcrumbList","@id":"https:\/\/lindeberg.legal\/en\/people\/#breadcrumb","itemListElement":[{"@type":"ListItem","position":1,"name":"Home","item":"https:\/\/lindeberg.legal\/en\/"},{"@type":"ListItem","position":2,"name":"People"}]},{"@type":"WebSite","@id":"https:\/\/lindeberg.legal\/#website","url":"https:\/\/lindeberg.legal\/","name":"Advokaadib\u00fcroo LINDEBERG","description":"Pakume klientidele t\u00e4isteenust \u2013 abi k\u00f5ikide probleemide osas \u00fchest b\u00fcroost!","potentialAction":[{"@type":"SearchAction","target":{"@type":"EntryPoint","urlTemplate":"https:\/\/lindeberg.legal\/?s={search_term_string}"},"query-input":{"@type":"PropertyValueSpecification","valueRequired":true,"valueName":"search_term_string"}}],"inLanguage":"en-US"}]}},"_links":{"self":[{"href":"https:\/\/lindeberg.legal\/en\/wp-json\/wp\/v2\/pages\/3248","targetHints":{"allow":["GET"]}}],"collection":[{"href":"https:\/\/lindeberg.legal\/en\/wp-json\/wp\/v2\/pages"}],"about":[{"href":"https:\/\/lindeberg.legal\/en\/wp-json\/wp\/v2\/types\/page"}],"author":[{"embeddable":true,"href":"https:\/\/lindeberg.legal\/en\/wp-json\/wp\/v2\/users\/2"}],"replies":[{"embeddable":true,"href":"https:\/\/lindeberg.legal\/en\/wp-json\/wp\/v2\/comments?post=3248"}],"version-history":[{"count":3,"href":"https:\/\/lindeberg.legal\/en\/wp-json\/wp\/v2\/pages\/3248\/revisions"}],"predecessor-version":[{"id":3279,"href":"https:\/\/lindeberg.legal\/en\/wp-json\/wp\/v2\/pages\/3248\/revisions\/3279"}],"wp:attachment":[{"href":"https:\/\/lindeberg.legal\/en\/wp-json\/wp\/v2\/media?parent=3248"}],"curies":[{"name":"wp","href":"https:\/\/api.w.org\/{rel}","templated":true}]}}