{"id":2883,"date":"2021-06-04T07:16:44","date_gmt":"2021-06-04T07:16:44","guid":{"rendered":"https:\/\/lindeberg.legal\/?page_id=2883"},"modified":"2021-06-04T07:16:44","modified_gmt":"2021-06-04T07:16:44","slug":"overview","status":"publish","type":"page","link":"https:\/\/lindeberg.legal\/en\/about-us\/overview\/","title":{"rendered":"Overview"},"content":{"rendered":"<p>[vc_row][vc_column][vc_custom_heading text=&#8221;Overview&#8221; font_container=&#8221;tag:h2|font_size:36|text_align:left&#8221; use_theme_fonts=&#8221;yes&#8221; el_class=&#8221;m-b-md&#8221;][vc_separator color=&#8221;custom&#8221; align=&#8221;align_left&#8221; border_width=&#8221;3&#8243; type=&#8221;small&#8221; accent_color=&#8221;#ec1c28&#8243;][vc_column_text el_class=&#8221;lead m-b-lg&#8221;]Law Firm LINDEBERG is a classical law office providing legal services in all the main fields of law. Our clients are companies, individuals as well as public sector. Attorneys of the Law Firm LINDEBERG are specialized in various areas of activity to provide legal services of high quality to the clients.[\/vc_column_text][vc_column_text]<strong>Strong team<\/strong><\/p>\n<p>The team of Law Firm LINDEBERG has been established based on the purpose to provide high quality legal services to our clients. Often clients need legal assistance in various issues \u2013 business consultation and composing of contracts but also representation in division of joint property and disputes about the custody of children. Unlike many other law firms, LINDEBERG is providing full service \u2013 the client receives all the necessary advice and representation from one law firm without looking for a new office for each legal dispute.<\/p>\n<p><strong>Social responsibility<\/strong><\/p>\n<p>Law Firm LINDEBERG values corporate social responsibility. This means that our attorneys always do everything possible to protect the interests of a particular client, but we also contribute to society at large. For example, Law Firm LINDEBERG is providing pro bono legal services to several charity organisations, we also contribute to education and offer internship opportunities to students of the faculty of law.[\/vc_column_text][\/vc_column][\/vc_row]<\/p>\n","protected":false},"excerpt":{"rendered":"<p>[vc_row][vc_column][vc_custom_heading text=&#8221;Overview&#8221; font_container=&#8221;tag:h2|font_size:36|text_align:left&#8221; use_theme_fonts=&#8221;yes&#8221; el_class=&#8221;m-b-md&#8221;][vc_separator color=&#8221;custom&#8221; align=&#8221;align_left&#8221; border_width=&#8221;3&#8243; type=&#8221;small&#8221; accent_color=&#8221;#ec1c28&#8243;][vc_column_text el_class=&#8221;lead m-b-lg&#8221;]Law Firm LINDEBERG is a classical law office providing legal services in all the main fields of law. Our clients are companies, individuals as well as public sector. Attorneys of the Law Firm LINDEBERG are specialized in various areas of activity to provide legal [&hellip;]<\/p>\n","protected":false},"author":6,"featured_media":0,"parent":2682,"menu_order":0,"comment_status":"closed","ping_status":"closed","template":"","meta":{"footnotes":""},"class_list":["post-2883","page","type-page","status-publish","hentry"],"yoast_head":"<!-- This site is optimized with the Yoast SEO plugin v26.5 - https:\/\/yoast.com\/wordpress\/plugins\/seo\/ -->\n<title>Overview - Advokaadib\u00fcroo LINDEBERG<\/title>\n<meta name=\"robots\" content=\"index, follow, max-snippet:-1, max-image-preview:large, max-video-preview:-1\" \/>\n<link rel=\"canonical\" href=\"https:\/\/lindeberg.legal\/en\/about-us\/overview\/\" \/>\n<meta property=\"og:locale\" content=\"en_US\" \/>\n<meta property=\"og:type\" content=\"article\" \/>\n<meta property=\"og:title\" content=\"Overview - Advokaadib\u00fcroo LINDEBERG\" \/>\n<meta property=\"og:description\" content=\"[vc_row][vc_column][vc_custom_heading text=&#8221;Overview&#8221; font_container=&#8221;tag:h2|font_size:36|text_align:left&#8221; use_theme_fonts=&#8221;yes&#8221; el_class=&#8221;m-b-md&#8221;][vc_separator color=&#8221;custom&#8221; align=&#8221;align_left&#8221; border_width=&#8221;3&#8243; type=&#8221;small&#8221; accent_color=&#8221;#ec1c28&#8243;][vc_column_text el_class=&#8221;lead m-b-lg&#8221;]Law Firm LINDEBERG is a classical law office providing legal services in all the main fields of law. Our clients are companies, individuals as well as public sector. Attorneys of the Law Firm LINDEBERG are specialized in various areas of activity to provide legal [&hellip;]\" \/>\n<meta property=\"og:url\" content=\"https:\/\/lindeberg.legal\/en\/about-us\/overview\/\" \/>\n<meta property=\"og:site_name\" content=\"Advokaadib\u00fcroo LINDEBERG\" \/>\n<meta property=\"article:publisher\" content=\"https:\/\/www.facebook.com\/LindebergLegal\/\" \/>\n<meta property=\"og:image\" content=\"https:\/\/lindeberg.legal\/lwp\/wp-content\/uploads\/2021\/01\/FB-thumbnail.png\" \/>\n\t<meta property=\"og:image:width\" content=\"1200\" \/>\n\t<meta property=\"og:image:height\" content=\"630\" \/>\n\t<meta property=\"og:image:type\" content=\"image\/png\" \/>\n<meta name=\"twitter:card\" content=\"summary_large_image\" \/>\n<meta name=\"twitter:label1\" content=\"Est. reading time\" \/>\n\t<meta name=\"twitter:data1\" content=\"1 minute\" \/>\n<script type=\"application\/ld+json\" class=\"yoast-schema-graph\">{\"@context\":\"https:\/\/schema.org\",\"@graph\":[{\"@type\":\"WebPage\",\"@id\":\"https:\/\/lindeberg.legal\/en\/about-us\/overview\/\",\"url\":\"https:\/\/lindeberg.legal\/en\/about-us\/overview\/\",\"name\":\"Overview - Advokaadib\u00fcroo LINDEBERG\",\"isPartOf\":{\"@id\":\"https:\/\/lindeberg.legal\/#website\"},\"datePublished\":\"2021-06-04T07:16:44+00:00\",\"breadcrumb\":{\"@id\":\"https:\/\/lindeberg.legal\/en\/about-us\/overview\/#breadcrumb\"},\"inLanguage\":\"en-US\",\"potentialAction\":[{\"@type\":\"ReadAction\",\"target\":[\"https:\/\/lindeberg.legal\/en\/about-us\/overview\/\"]}]},{\"@type\":\"BreadcrumbList\",\"@id\":\"https:\/\/lindeberg.legal\/en\/about-us\/overview\/#breadcrumb\",\"itemListElement\":[{\"@type\":\"ListItem\",\"position\":1,\"name\":\"Home\",\"item\":\"https:\/\/lindeberg.legal\/en\/\"},{\"@type\":\"ListItem\",\"position\":2,\"name\":\"About us\",\"item\":\"https:\/\/lindeberg.legal\/en\/about-us\/\"},{\"@type\":\"ListItem\",\"position\":3,\"name\":\"Overview\"}]},{\"@type\":\"WebSite\",\"@id\":\"https:\/\/lindeberg.legal\/#website\",\"url\":\"https:\/\/lindeberg.legal\/\",\"name\":\"Advokaadib\u00fcroo LINDEBERG\",\"description\":\"Pakume klientidele t\u00e4isteenust \u2013 abi k\u00f5ikide probleemide osas \u00fchest b\u00fcroost!\",\"potentialAction\":[{\"@type\":\"SearchAction\",\"target\":{\"@type\":\"EntryPoint\",\"urlTemplate\":\"https:\/\/lindeberg.legal\/?s={search_term_string}\"},\"query-input\":{\"@type\":\"PropertyValueSpecification\",\"valueRequired\":true,\"valueName\":\"search_term_string\"}}],\"inLanguage\":\"en-US\"}]}<\/script>\n<!-- \/ Yoast SEO plugin. -->","yoast_head_json":{"title":"Overview - Advokaadib\u00fcroo LINDEBERG","robots":{"index":"index","follow":"follow","max-snippet":"max-snippet:-1","max-image-preview":"max-image-preview:large","max-video-preview":"max-video-preview:-1"},"canonical":"https:\/\/lindeberg.legal\/en\/about-us\/overview\/","og_locale":"en_US","og_type":"article","og_title":"Overview - Advokaadib\u00fcroo LINDEBERG","og_description":"[vc_row][vc_column][vc_custom_heading text=&#8221;Overview&#8221; font_container=&#8221;tag:h2|font_size:36|text_align:left&#8221; use_theme_fonts=&#8221;yes&#8221; el_class=&#8221;m-b-md&#8221;][vc_separator color=&#8221;custom&#8221; align=&#8221;align_left&#8221; border_width=&#8221;3&#8243; type=&#8221;small&#8221; accent_color=&#8221;#ec1c28&#8243;][vc_column_text el_class=&#8221;lead m-b-lg&#8221;]Law Firm LINDEBERG is a classical law office providing legal services in all the main fields of law. Our clients are companies, individuals as well as public sector. Attorneys of the Law Firm LINDEBERG are specialized in various areas of activity to provide legal [&hellip;]","og_url":"https:\/\/lindeberg.legal\/en\/about-us\/overview\/","og_site_name":"Advokaadib\u00fcroo LINDEBERG","article_publisher":"https:\/\/www.facebook.com\/LindebergLegal\/","og_image":[{"width":1200,"height":630,"url":"https:\/\/lindeberg.legal\/lwp\/wp-content\/uploads\/2021\/01\/FB-thumbnail.png","type":"image\/png"}],"twitter_card":"summary_large_image","twitter_misc":{"Est. reading time":"1 minute"},"schema":{"@context":"https:\/\/schema.org","@graph":[{"@type":"WebPage","@id":"https:\/\/lindeberg.legal\/en\/about-us\/overview\/","url":"https:\/\/lindeberg.legal\/en\/about-us\/overview\/","name":"Overview - Advokaadib\u00fcroo LINDEBERG","isPartOf":{"@id":"https:\/\/lindeberg.legal\/#website"},"datePublished":"2021-06-04T07:16:44+00:00","breadcrumb":{"@id":"https:\/\/lindeberg.legal\/en\/about-us\/overview\/#breadcrumb"},"inLanguage":"en-US","potentialAction":[{"@type":"ReadAction","target":["https:\/\/lindeberg.legal\/en\/about-us\/overview\/"]}]},{"@type":"BreadcrumbList","@id":"https:\/\/lindeberg.legal\/en\/about-us\/overview\/#breadcrumb","itemListElement":[{"@type":"ListItem","position":1,"name":"Home","item":"https:\/\/lindeberg.legal\/en\/"},{"@type":"ListItem","position":2,"name":"About us","item":"https:\/\/lindeberg.legal\/en\/about-us\/"},{"@type":"ListItem","position":3,"name":"Overview"}]},{"@type":"WebSite","@id":"https:\/\/lindeberg.legal\/#website","url":"https:\/\/lindeberg.legal\/","name":"Advokaadib\u00fcroo LINDEBERG","description":"Pakume klientidele t\u00e4isteenust \u2013 abi k\u00f5ikide probleemide osas \u00fchest b\u00fcroost!","potentialAction":[{"@type":"SearchAction","target":{"@type":"EntryPoint","urlTemplate":"https:\/\/lindeberg.legal\/?s={search_term_string}"},"query-input":{"@type":"PropertyValueSpecification","valueRequired":true,"valueName":"search_term_string"}}],"inLanguage":"en-US"}]}},"_links":{"self":[{"href":"https:\/\/lindeberg.legal\/en\/wp-json\/wp\/v2\/pages\/2883","targetHints":{"allow":["GET"]}}],"collection":[{"href":"https:\/\/lindeberg.legal\/en\/wp-json\/wp\/v2\/pages"}],"about":[{"href":"https:\/\/lindeberg.legal\/en\/wp-json\/wp\/v2\/types\/page"}],"author":[{"embeddable":true,"href":"https:\/\/lindeberg.legal\/en\/wp-json\/wp\/v2\/users\/6"}],"replies":[{"embeddable":true,"href":"https:\/\/lindeberg.legal\/en\/wp-json\/wp\/v2\/comments?post=2883"}],"version-history":[{"count":1,"href":"https:\/\/lindeberg.legal\/en\/wp-json\/wp\/v2\/pages\/2883\/revisions"}],"predecessor-version":[{"id":2886,"href":"https:\/\/lindeberg.legal\/en\/wp-json\/wp\/v2\/pages\/2883\/revisions\/2886"}],"up":[{"embeddable":true,"href":"https:\/\/lindeberg.legal\/en\/wp-json\/wp\/v2\/pages\/2682"}],"wp:attachment":[{"href":"https:\/\/lindeberg.legal\/en\/wp-json\/wp\/v2\/media?parent=2883"}],"curies":[{"name":"wp","href":"https:\/\/api.w.org\/{rel}","templated":true}]}}