{"id":2682,"date":"2021-05-18T10:39:05","date_gmt":"2021-05-18T10:39:05","guid":{"rendered":"https:\/\/lindeberg.legal\/?page_id=2682"},"modified":"2021-06-04T08:07:49","modified_gmt":"2021-06-04T08:07:49","slug":"about-us","status":"publish","type":"page","link":"https:\/\/lindeberg.legal\/en\/about-us\/","title":{"rendered":"About us"},"content":{"rendered":"<p>[vc_row][vc_column][vc_custom_heading text=&#8221;About us&#8221; font_container=&#8221;tag:h2|font_size:36|text_align:left&#8221; use_theme_fonts=&#8221;yes&#8221; el_class=&#8221;m-b-md&#8221;][vc_separator color=&#8221;custom&#8221; align=&#8221;align_left&#8221; border_width=&#8221;3&#8243; type=&#8221;small&#8221; accent_color=&#8221;#ec1c28&#8243;][vc_column_text el_class=&#8221;lead m-b-lg&#8221;]Law Firm LINDEBERG is a classical law office established in 2017 and providing legal services in all the main areas of law. Our clients are companies, private persons as well as public sector.[\/vc_column_text][vc_column_text]Attorneys of Law Firm LINDEBERG are specialized in various areas of activities to provide legal services of high quality to our clients.<\/p>\n<p>All the attorneys of Law Firm LINDEBERG have Master\u2019s Degree in the faculty of law from the University of Tartu ensuring an extensive knowhow and high level of legal knowledge.<\/p>\n<p><strong>Mission<\/strong><\/p>\n<p>The mission of Law Firm LINDEBERG is to provide high-quality legal services to both business and private clients, while being a responsible company that finds an opportunity to contribute to society through pro bono work.<\/p>\n<p><strong>Vision<\/strong><\/p>\n<p>The vision of Law Firm LINDEBERG is to be a leading law firm in Estonia offering high-quality legal services in all major areas of law.[\/vc_column_text][\/vc_column][\/vc_row]<\/p>\n","protected":false},"excerpt":{"rendered":"<p>[vc_row][vc_column][vc_custom_heading text=&#8221;About us&#8221; font_container=&#8221;tag:h2|font_size:36|text_align:left&#8221; use_theme_fonts=&#8221;yes&#8221; el_class=&#8221;m-b-md&#8221;][vc_separator color=&#8221;custom&#8221; align=&#8221;align_left&#8221; border_width=&#8221;3&#8243; type=&#8221;small&#8221; accent_color=&#8221;#ec1c28&#8243;][vc_column_text el_class=&#8221;lead m-b-lg&#8221;]Law Firm LINDEBERG is a classical law office established in 2017 and providing legal services in all the main areas of law. Our clients are companies, private persons as well as public sector.[\/vc_column_text][vc_column_text]Attorneys of Law Firm LINDEBERG are specialized in various areas of [&hellip;]<\/p>\n","protected":false},"author":6,"featured_media":0,"parent":0,"menu_order":0,"comment_status":"closed","ping_status":"closed","template":"","meta":{"footnotes":""},"class_list":["post-2682","page","type-page","status-publish","hentry"],"yoast_head":"<!-- This site is optimized with the Yoast SEO plugin v26.5 - https:\/\/yoast.com\/wordpress\/plugins\/seo\/ -->\n<title>About us - Advokaadib\u00fcroo LINDEBERG<\/title>\n<meta name=\"robots\" content=\"index, follow, max-snippet:-1, max-image-preview:large, max-video-preview:-1\" \/>\n<link rel=\"canonical\" href=\"https:\/\/lindeberg.legal\/en\/about-us\/\" \/>\n<meta property=\"og:locale\" content=\"en_US\" \/>\n<meta property=\"og:type\" content=\"article\" \/>\n<meta property=\"og:title\" content=\"About us - Advokaadib\u00fcroo LINDEBERG\" \/>\n<meta property=\"og:description\" content=\"[vc_row][vc_column][vc_custom_heading text=&#8221;About us&#8221; font_container=&#8221;tag:h2|font_size:36|text_align:left&#8221; use_theme_fonts=&#8221;yes&#8221; el_class=&#8221;m-b-md&#8221;][vc_separator color=&#8221;custom&#8221; align=&#8221;align_left&#8221; border_width=&#8221;3&#8243; type=&#8221;small&#8221; accent_color=&#8221;#ec1c28&#8243;][vc_column_text el_class=&#8221;lead m-b-lg&#8221;]Law Firm LINDEBERG is a classical law office established in 2017 and providing legal services in all the main areas of law. Our clients are companies, private persons as well as public sector.[\/vc_column_text][vc_column_text]Attorneys of Law Firm LINDEBERG are specialized in various areas of [&hellip;]\" \/>\n<meta property=\"og:url\" content=\"https:\/\/lindeberg.legal\/en\/about-us\/\" \/>\n<meta property=\"og:site_name\" content=\"Advokaadib\u00fcroo LINDEBERG\" \/>\n<meta property=\"article:publisher\" content=\"https:\/\/www.facebook.com\/LindebergLegal\/\" \/>\n<meta property=\"article:modified_time\" content=\"2021-06-04T08:07:49+00:00\" \/>\n<meta property=\"og:image\" content=\"https:\/\/lindeberg.legal\/lwp\/wp-content\/uploads\/2021\/01\/FB-thumbnail.png\" \/>\n\t<meta property=\"og:image:width\" content=\"1200\" \/>\n\t<meta property=\"og:image:height\" content=\"630\" \/>\n\t<meta property=\"og:image:type\" content=\"image\/png\" \/>\n<meta name=\"twitter:card\" content=\"summary_large_image\" \/>\n<meta name=\"twitter:label1\" content=\"Est. reading time\" \/>\n\t<meta name=\"twitter:data1\" content=\"1 minute\" \/>\n<script type=\"application\/ld+json\" class=\"yoast-schema-graph\">{\"@context\":\"https:\/\/schema.org\",\"@graph\":[{\"@type\":\"WebPage\",\"@id\":\"https:\/\/lindeberg.legal\/en\/about-us\/\",\"url\":\"https:\/\/lindeberg.legal\/en\/about-us\/\",\"name\":\"About us - Advokaadib\u00fcroo LINDEBERG\",\"isPartOf\":{\"@id\":\"https:\/\/lindeberg.legal\/#website\"},\"datePublished\":\"2021-05-18T10:39:05+00:00\",\"dateModified\":\"2021-06-04T08:07:49+00:00\",\"breadcrumb\":{\"@id\":\"https:\/\/lindeberg.legal\/en\/about-us\/#breadcrumb\"},\"inLanguage\":\"en-US\",\"potentialAction\":[{\"@type\":\"ReadAction\",\"target\":[\"https:\/\/lindeberg.legal\/en\/about-us\/\"]}]},{\"@type\":\"BreadcrumbList\",\"@id\":\"https:\/\/lindeberg.legal\/en\/about-us\/#breadcrumb\",\"itemListElement\":[{\"@type\":\"ListItem\",\"position\":1,\"name\":\"Home\",\"item\":\"https:\/\/lindeberg.legal\/en\/\"},{\"@type\":\"ListItem\",\"position\":2,\"name\":\"About us\"}]},{\"@type\":\"WebSite\",\"@id\":\"https:\/\/lindeberg.legal\/#website\",\"url\":\"https:\/\/lindeberg.legal\/\",\"name\":\"Advokaadib\u00fcroo LINDEBERG\",\"description\":\"Pakume klientidele t\u00e4isteenust \u2013 abi k\u00f5ikide probleemide osas \u00fchest b\u00fcroost!\",\"potentialAction\":[{\"@type\":\"SearchAction\",\"target\":{\"@type\":\"EntryPoint\",\"urlTemplate\":\"https:\/\/lindeberg.legal\/?s={search_term_string}\"},\"query-input\":{\"@type\":\"PropertyValueSpecification\",\"valueRequired\":true,\"valueName\":\"search_term_string\"}}],\"inLanguage\":\"en-US\"}]}<\/script>\n<!-- \/ Yoast SEO plugin. -->","yoast_head_json":{"title":"About us - Advokaadib\u00fcroo LINDEBERG","robots":{"index":"index","follow":"follow","max-snippet":"max-snippet:-1","max-image-preview":"max-image-preview:large","max-video-preview":"max-video-preview:-1"},"canonical":"https:\/\/lindeberg.legal\/en\/about-us\/","og_locale":"en_US","og_type":"article","og_title":"About us - Advokaadib\u00fcroo LINDEBERG","og_description":"[vc_row][vc_column][vc_custom_heading text=&#8221;About us&#8221; font_container=&#8221;tag:h2|font_size:36|text_align:left&#8221; use_theme_fonts=&#8221;yes&#8221; el_class=&#8221;m-b-md&#8221;][vc_separator color=&#8221;custom&#8221; align=&#8221;align_left&#8221; border_width=&#8221;3&#8243; type=&#8221;small&#8221; accent_color=&#8221;#ec1c28&#8243;][vc_column_text el_class=&#8221;lead m-b-lg&#8221;]Law Firm LINDEBERG is a classical law office established in 2017 and providing legal services in all the main areas of law. Our clients are companies, private persons as well as public sector.[\/vc_column_text][vc_column_text]Attorneys of Law Firm LINDEBERG are specialized in various areas of [&hellip;]","og_url":"https:\/\/lindeberg.legal\/en\/about-us\/","og_site_name":"Advokaadib\u00fcroo LINDEBERG","article_publisher":"https:\/\/www.facebook.com\/LindebergLegal\/","article_modified_time":"2021-06-04T08:07:49+00:00","og_image":[{"width":1200,"height":630,"url":"https:\/\/lindeberg.legal\/lwp\/wp-content\/uploads\/2021\/01\/FB-thumbnail.png","type":"image\/png"}],"twitter_card":"summary_large_image","twitter_misc":{"Est. reading time":"1 minute"},"schema":{"@context":"https:\/\/schema.org","@graph":[{"@type":"WebPage","@id":"https:\/\/lindeberg.legal\/en\/about-us\/","url":"https:\/\/lindeberg.legal\/en\/about-us\/","name":"About us - Advokaadib\u00fcroo LINDEBERG","isPartOf":{"@id":"https:\/\/lindeberg.legal\/#website"},"datePublished":"2021-05-18T10:39:05+00:00","dateModified":"2021-06-04T08:07:49+00:00","breadcrumb":{"@id":"https:\/\/lindeberg.legal\/en\/about-us\/#breadcrumb"},"inLanguage":"en-US","potentialAction":[{"@type":"ReadAction","target":["https:\/\/lindeberg.legal\/en\/about-us\/"]}]},{"@type":"BreadcrumbList","@id":"https:\/\/lindeberg.legal\/en\/about-us\/#breadcrumb","itemListElement":[{"@type":"ListItem","position":1,"name":"Home","item":"https:\/\/lindeberg.legal\/en\/"},{"@type":"ListItem","position":2,"name":"About us"}]},{"@type":"WebSite","@id":"https:\/\/lindeberg.legal\/#website","url":"https:\/\/lindeberg.legal\/","name":"Advokaadib\u00fcroo LINDEBERG","description":"Pakume klientidele t\u00e4isteenust \u2013 abi k\u00f5ikide probleemide osas \u00fchest b\u00fcroost!","potentialAction":[{"@type":"SearchAction","target":{"@type":"EntryPoint","urlTemplate":"https:\/\/lindeberg.legal\/?s={search_term_string}"},"query-input":{"@type":"PropertyValueSpecification","valueRequired":true,"valueName":"search_term_string"}}],"inLanguage":"en-US"}]}},"_links":{"self":[{"href":"https:\/\/lindeberg.legal\/en\/wp-json\/wp\/v2\/pages\/2682","targetHints":{"allow":["GET"]}}],"collection":[{"href":"https:\/\/lindeberg.legal\/en\/wp-json\/wp\/v2\/pages"}],"about":[{"href":"https:\/\/lindeberg.legal\/en\/wp-json\/wp\/v2\/types\/page"}],"author":[{"embeddable":true,"href":"https:\/\/lindeberg.legal\/en\/wp-json\/wp\/v2\/users\/6"}],"replies":[{"embeddable":true,"href":"https:\/\/lindeberg.legal\/en\/wp-json\/wp\/v2\/comments?post=2682"}],"version-history":[{"count":9,"href":"https:\/\/lindeberg.legal\/en\/wp-json\/wp\/v2\/pages\/2682\/revisions"}],"predecessor-version":[{"id":2889,"href":"https:\/\/lindeberg.legal\/en\/wp-json\/wp\/v2\/pages\/2682\/revisions\/2889"}],"wp:attachment":[{"href":"https:\/\/lindeberg.legal\/en\/wp-json\/wp\/v2\/media?parent=2682"}],"curies":[{"name":"wp","href":"https:\/\/api.w.org\/{rel}","templated":true}]}}